{"id":615,"date":"2025-07-18T16:06:22","date_gmt":"2025-07-18T20:06:22","guid":{"rendered":"https:\/\/www.cec.uchile.cl\/~dsaez\/?page_id=615"},"modified":"2026-03-31T15:53:03","modified_gmt":"2026-03-31T18:53:03","slug":"students","status":"publish","type":"page","link":"https:\/\/www.cec.uchile.cl\/~dsaez\/?page_id=615","title":{"rendered":"Students"},"content":{"rendered":"\n<p><\/p>\n\n\n\n<p><strong>Current Students<\/strong><\/p>\n\n\n\n<ul align=\"justify\">\n<li>Luis Jim\u00e9nez, \u00abEnergy Management System based on Model Predictive Control and Reinforcement Learning for Seaport Microgrids\u00bb, Double degree Ph.D Programme in Electrical Engineering, U. Chile &#8211; U. Manchester. 2025 &#8211; date.<\/li>\n\n<li>Karina Montaluisa, \u00abArtificial Intelligence Applied to Port Arrival Prediction Based on Predictive Model for Energy Management\u00bb. Ph.D in Electrical Engineering, U. Chile. 2025 \u2013 date.<\/li>\n\n<li>\u00c1lvaro Endo, \u00abUser Information Capture for Control Design\/Decision-Making: Preliminary Proposal\u00bb, Double degree Ph.D Programme in Electrical Engineering, U. Chile &#8211; U. Nottingham. 2024 &#8211; date.<\/li>\n\n<li>Javier Ocaranza, \u00abDesigning Water-Energy-Food Management Systems: Sustainable and Explainable Strategies\u00bb, Double degree Ph.D Programme in Electrical Engineering, U. Chile &#8211; U. Nottingham. 2023 &#8211; date.<\/li>\n\n<li>Andr\u00e9s Garc\u00eda, \u00abConsiderations and Regulations for the Implementation of Microgrids in Chile\u00bb, Master in Electrical Engineering, U. Chile. 2024 &#8211; date.<\/li>\n\n<li>Camila Palma, \u00abProposal for a Methodology of Intercultural Technological Co-Design\u00bb, Master in Electrical Engineering, U. Chile. 2025 &#8211; date.<\/li>\n\n<li>Guillermo Fierro, \u00abDesign and Simulation of a Distributed Model Predictive Control Strategy for Microgrid with Inbalances\u00bb, Master in Electrical Engineering, U. Chile. 2026 &#8211; date<\/li>\n\n<li>Hayter Cort\u00e9s, \u00abExplainable Artificial Intelligence for Cooperative and Sustainable Management of Water-Energy Microgrids Based on Model Predictive Control\u00bb, Master in Data Science, U. Chile. 2026 &#8211; date.<\/li>\n\n<li>Thomas Aguilera, \u00abUncertainty Quantification Methodology Based on Neuromorphic Models for Predictive Control of Water-Energy Microgrid\u00bb, Master in Data Science, U. Chile, 2026 &#8211; date<\/li>\n<\/ul>\n\n\n\n<p><strong>Former Students&nbsp;<\/strong><\/p>\n\n\n\n<ul align=\"justify\">\n<li>Juan Pablo B\u00e1ez, \u00abIntercultural Co-Design and Implementation of a Solar-Powered Charging Station with Sensors for Rural Schools\u00bb, Bachelor Elec. Eng. U. Chile. Graduated 2026.<\/li>\n\n<li>Claudio Z\u00fa\u00f1iga, \u00abA Water-Energy-Food Management System Based on Reinforcement Learning Algorithms\u00bb, Master in Electrical Engineering, U. Chile. Graduated 2025.<\/li>\n\n<li>Luis Jim\u00e9nez, \u00abEnergy-Water Management and Coordination for Energy-Water Microgrids\u00bb, Master in Electrical Engineering, U. Chile. Graduated 2024.<\/li>\n\n<li>Benjam\u00edn Moreno \u00abTuning Strategies and Stability Analysis for Distributed Predictive Secondary Control for Microgrids\u00bb, Master in Electrical Engineering, U. Chile. Graduated 2024.<\/li>\n\n<li>Mat\u00edas Alegr\u00eda, \u00abDistributed Secondary Control with Economical and Water Dispatch for Energy-Water Microgrids\u00bb, Master in Electrical Engineering, U. Chile. Graduated 2024.<\/li>\n\n<li>Felipe Meyer, \u00abRobust Fuzzy Predictive Control of Heat Transfer Fluid Temperature in Solar Power Plant Receivers\u00bb, Master in Electrical Engineering, U. Chile. Graduated 2024.<\/li>\n\n<li>Oscar Cartagena, \u00abDesign of Evolving Fuzzy Prediction Intervals\u00bb, CONICYT Postgraduate Scholar, Ph.D in Electrical Engineering, U. Chile. Graduated 2024.<\/li>\n\n<li>Oscar Poblete, \u00abDesign and Implementation of a Technological System for Greenhouses in the Jos\u00e9 Painecura Hue\u00f1alihuen Community\u00bb, Bachelor Elec. Eng. U. Chile, Graduated 2023.<\/li>\n\n<li>Javier Ocaranza, \u00abEvolving Fuzzy Prediction Intervals for Control Design and Application to Agriculture\u00bb, Master in Electrical Engineering, U. Chile. Graduated 2023.<\/li>\n\n<li>Maximiliano Jones, \u00abOpen Anomaly Detection and Machine Learning Platform for Groundwater Management Decision Support\u00bb, Master in Electrical Engineering, U. Chile. Graduated 2023.<\/li>\n\n<li>Lucas Rojas, \u00abDesign and Implementation of Neural Interval Models for Crop Water-Energy Management System\u00bb, Bachelor Elec. Eng. U. Chile. Graduated 2023.<\/li>\n\n<li>Alex Navas, \u00abA distributed predictive secondary control for voltage and frequency regulation, economic dispatch and imbalance sharing in isolated microgrids\u00bb, Double degree Ph.D Programme in Electrical Engineering, U. Chile &#8211; U. Nottingham. Graduated 2022.<\/li>\n\n<li>\u00c1lvaro Endo, \u00abWater-Energy Management System for a Greenhouse of Rural Indigenous Communities\u00bb, Master in Electrical Engineering, U. Chile. Graduated\u00a0 2022.<\/li>\n\n<li>Roberto Bustos, \u00abPredictive Control for Coordinations of Microgrids, including Demand Side Management\u00bb, Master in Electrical Engineering, U. Chile. Graduated\u00a0 2022.<\/li>\n\n<li>Daniela Lasso, \u00abFuzzy Control of Temperature and Humidity in a Greenhouse for the Jos\u00e9 Painecura Hue\u00f1alihuen Community\u00bb, Bachelor Elec. Eng. U. Chile, Graduated\u00a0 2022.<\/li>\n\n<li>Manuel Nova, \u00abDise\u00f1o e Implementaci\u00f3n de Estrategias de Control Predictivo para Sistemas Difusos Basados en Desigualdades Matriciales Lineales\u00bb, Master in Electrical Engineering, U. Chile. Graduated 2021.<\/li>\n\n<li>Sebasti\u00e1n Parra \u00abDesign of\u00a0 Neural Network Prediction Intervals based based on Deep Learning and Joint Supervision\u00bb, Master in Electrical Engineering, U. Chile.\u00a0Graduated\u00a02021.<\/li>\n\n<li>Erwin Rute, \u00abDistributed Secondary Predictive Control for Hybrid AC\/DC Microgrids\u00bb, Master in Electrical Engineering, U. Chile. Graduated\u00a0 2020.<\/li>\n\n<li>Daniel K\u00f6brich, \u00abDistributed Model Predictive Control for Microgrid Coordination\u00bb,\u00a0Master in Electrical Engineering, U. Chile.\u00a0Graduated\u00a02020.<\/li>\n\n<li>Jacqueline Llanos, \u00abDesign of Control Strategies for Microgrids including Congestion\u00bb, CONICYT Postgraduate Scholar, Ph.D in Electrical Engineering, U. Chile. Graduated 2020.<\/li>\n\n<li>Juan Sebasti\u00e1n G\u00f3mez, \u00abDistributed Predictive Secondary Control Strategies for Microgrids\u00bb, CONICYT Postgraduate Scholar, Ph.D in Electrical Engineering, U.\u00a0Chile.\u00a0Graduated 2020.<\/li>\n\n<li>Tomislav Roje, \u00abPredictive Control for Energy and Water Management in Rural Comunnities\u00bb,\u00a0Master in Electrical Engineering, U. Chile.\u00a0Graduated 2020.<\/li>\n\n<li>Solange Vivanco, \u00abModelaci\u00f3n de Plantas Termosolares de Torre Central\u00bb, Bachelor Elec. Eng. U. Chile. Graduated 2019.<\/li>\n\n<li>Gisselle Rojas, \u00abEstrategia para la Sustentabilidad en Proyectos de Energ\u00eda Solar, Comuna de Combarbal\u00e1, Regi\u00f3n de Coquimbo\u00bb, Renewable Natural Resources\u00a0Engineering, U. Chile. Graduated 2019.<\/li>\n\n<li>Claudio Burgos, \u00abDesign and Evaluation of Cooperative Methodologies for Improving Power Quality in Unbalanced Microgrids\u00bb,\u00a0 Double degree Ph.D Programme in Electrical Engineering, U. Chile &#8211; U. Nottingham.\u00a0Graduated 2019.<\/li>\n\n<li>Oscar Cartagena, \u00abRobust Predictive Control based on Fuzzy Intervals\u00bb, Master in Electrical Engineering, U. Chile.\u00a0Graduated 2019.<\/li>\n\n<li>Cristi\u00e1n Ahumada, \u00abSistema de Gesti\u00f3n de Agua Acoplado a una Micro-red para Comunidades Mapuche\u00bb, Bachelor Elec. Eng. U. Chile. Graduated 2018.<\/li>\n\n<li>Luis Mar\u00edn, \u00abHierarchical Energy Management System Based on Fuzzy Prediction Intervals for Operation and Coordination of Microgrids\u00bb, COLCIENCIAS Scholar, Ph.D in Electrical Engineering, U. Chile.\u00a0Graduated 2018.<\/li>\n\n<li>Rub\u00e9n M\u00e9ndez, \u00abPropuesta Estrat\u00e9gica para Implementar Micro-redes Basadas en Energ\u00edas Renovables No Convencionales en Comunidades con Aislamiento Extremo: Caso de Estudio, Isla Alejandro Selkirk, Archipi\u00e9lago Juan Fern\u00e1ndez\u00bb, Ingeniero en Recursos Naturales Renovables, U. Chile. Graduated 2017.<\/li>\n\n<li>Ra\u00fal Morales, \u00abPlanificaci\u00f3n de Micro-redes para Comunidades Rurales con Caracterizaci\u00f3n de Incertidumbre de los Recursos Renovables y Demanda El\u00e9ctrica\u00bb, Mag\u00edster en Ingenier\u00eda El\u00e9ctrica, Ingeniero Civil Electricista. Graduated 2017. <a href=\"https:\/\/www.cec.uchile.cl\/~dsaez\/wp-content\/uploads\/2017\/03\/Tesis-RM.pdf\">Tesis RMorales<\/a><\/li>\n\n<li>Jonathan C\u00e1rdenas, \u00abDise\u00f1o de Estrategias de Control Predictivo para Generaci\u00f3n E\u00f3lica Utilizando una M\u00e1quina de Inducci\u00f3n de Doble Excitaci\u00f3n\u00bb, Becario de Postgrado CONICYT 2013-2014, Mag\u00edster en Ingenier\u00eda El\u00e9ctrica, Ingeniero Civil El\u00e9ctrico. Agosto 2016. <a href=\"https:\/\/www.cec.uchile.cl\/~dsaez\/wp-content\/uploads\/2017\/03\/Tesis-Jonathan-C\u00e1rdenas.pdf\">Tesis JC\u00e1rdenas<\/a><\/li>\n\n<li>Antonio Bayas, \u00abDise\u00f1o de Estrategias de Control Difuso Robusto ante Incertidumbre Param\u00e9trica para Plantas de Colectores Solares\u00bb, Mag\u00edster en Ingenier\u00eda El\u00e9ctrica, Ingeniero Civil El\u00e9ctrico. Mayo 2016. <a href=\"http:\/\/https:\/\/www.cec.uchile.cl\/~dsaez\/wp-content\/uploads\/2017\/03\/tesis_ABayas_final-16-8-16.pdf\">Tesis ABayas<\/a><\/li>\n\n<li>Patricio Santis, \u00abDise\u00f1o de Estrategias de Control Predictivo Multi-objetivo para un Filtro Activo en Paralelo Trif\u00e1sico de Tres Hilos\u00bb,\u00a0Becario de Postgrado CONICYT 2014-2015,\u00a0Mag\u00edster en Ingenier\u00eda El\u00e9ctrica, Ingeniero Civil El\u00e9ctrico. Junio 2016.\u00a0<a href=\"https:\/\/www.cec.uchile.cl\/~dsaez\/wp-content\/uploads\/2016\/07\/tesis_Patricio_Santis.pdf\" target=\"_blank\" rel=\"noreferrer noopener\">Tesis PSantis<\/a><\/li>\n\n<li>V\u00edctor Caquilpan, \u00abEstimaci\u00f3n de la demanda el\u00e9ctrica y potencial energ\u00e9tico de recursos renovables para el dise\u00f1o de micro-redes en comunidades rurales\u00bb, Ingeniero en Recursos Naturales Renovables, Universidad de Chile. Junio 2016.\u00a0<a href=\"https:\/\/www.cec.uchile.cl\/~dsaez\/wp-content\/uploads\/2016\/07\/Documento_Memoria_Victor.pdf\" target=\"_blank\" rel=\"noreferrer noopener\">Tesis VCaquilpan<\/a><\/li>\n\n<li>Leonel Guti\u00e9rrez, \u00abMetodolog\u00eda de Identificaci\u00f3n Difusa Basada en el Estudio de Controlabilidad de Sistemas Din\u00e1micos\u00bb, Becario de Postgrado CONICYT 2015-2016, Mag\u00edster en Ingenier\u00eda El\u00e9ctrica, Ingeniero Civil El\u00e9ctrico. Abril 2016.\u00a0<a href=\"https:\/\/www.cec.uchile.cl\/~dsaez\/wp-content\/uploads\/2016\/06\/tesis-LGutierrez-Abril-2016.pdf\">Tesis LGuti\u00e9rrez<\/a><\/li>\n\n<li>Carolina Vargas, \u00abPropuesta metodol\u00f3gica sobre la selecci\u00f3n de comunidades rurales aisladas, para la inserci\u00f3n de un proyecto de micro-red, utilizando criterios socio-ambientales\u00bb, Ingeniera en Recursos Naturales Renovables, Universidad de Chile. Julio 2015. <a href=\"https:\/\/www.cec.uchile.cl\/~dsaez\/wp-content\/uploads\/2015\/08\/Memoria_VargasCarolina_15-julio_m.pdf\">Tesis CVargas<\/a><\/li>\n\n<li>Tomislav Roje, \u00abDise\u00f1o de estrategia de control para gesti\u00f3n de demanda de micro-redes aisladas\u00bb, Ingeniero Civil El\u00e9ctrico, Universidad de Chile. Marzo\u00a02015. <a href=\"https:\/\/www.cec.uchile.cl\/~dsaez\/wp-content\/uploads\/2015\/06\/Memoria-Tomislav-Roje-Godoy-Final.pdf\" target=\"_blank\" rel=\"noreferrer noopener\">Tesis TRoje<\/a><\/li>\n\n<li>Carolina Ponce, \u00abDesign of Fuzzy Predictive Control Strategies for Combined Cycle Power Plants with Integrated Solar Collectors\u00bb, Becario de Postgrado CONICYT 2010-2014, Doctorado en Ingenier\u00eda El\u00e9ctrica, Universidad de Chile. 2014. <a href=\"https:\/\/www.cec.uchile.cl\/~dsaez\/wp-content\/uploads\/2017\/03\/Tesis-CPonce.pdf\" target=\"_blank\" rel=\"noreferrer noopener\">Tesis CPonce<\/a><\/li>\n\n<li>Claudio Burgos, \u00abEstimaci\u00f3n del Estado de Carga para un Banco de Bater\u00edas basada en Modelaci\u00f3n Difusa y Filtro de Kalman Extendido\u00bb, Becario de Postgrado CONICYT 2012-2013, Mag\u00edster en Ingenier\u00eda El\u00e9ctrica, Ingeniero Civil Electricista, Universidad de Chile. Septiembre 2013. <a href=\"https:\/\/www.cec.uchile.cl\/~dsaez\/wp-content\/uploads\/2017\/03\/cf-burgos_cm.pdf\" target=\"_blank\" rel=\"noreferrer noopener\">Tesis CBurgos<\/a><\/li>\n\n<li>Fernanda \u00c1vila, \u00abDise\u00f1o de un Sistema de Gesti\u00f3n de Demanda basado en L\u00f3gica Difusa par Micro-redes\u00bb,\u00a0 Becario de Postgrado CONICYT 2013, Mag\u00edster en Ingenier\u00eda El\u00e9ctrica, Ingeniero Civil Electricista, Universidad de Chile. Septiembre 2013. <a href=\"https:\/\/www.cec.uchile.cl\/~dsaez\/wp-content\/uploads\/2017\/03\/cf-avila_fs.pdf\" target=\"_blank\" rel=\"noreferrer noopener\">Tesis FAvila<\/a><\/li>\n\n<li>Constanza Ahumada, \u00abDise\u00f1o de Estrategias de Control Predictivas para Micro-redes mediante Curvas de Droop\u00bb, Becario de Postgrado CONICYT 2012-2013, Mag\u00edster en Ingenier\u00eda El\u00e9ctrica, Ingeniero Civil Electricista, Universidad de Chile. Septiembre 2013. <a href=\"https:\/\/www.cec.uchile.cl\/~dsaez\/wp-content\/uploads\/2017\/03\/cf-ahumada_cs.pdf\" target=\"_blank\" rel=\"noreferrer noopener\">Tesis CAhumada<\/a><\/li>\n\n<li>Jorge Collado, \u00abDise\u00f1o de Estrategias de Control Predictivo Robusto basado en Intervalos Difusos para la operaci\u00f3n de Micro-redes\u00bb, Ingeniero Civil Electricista, Universidad de Chile. Diciembre 2013. <a href=\"https:\/\/www.cec.uchile.cl\/~dsaez\/wp-content\/uploads\/2017\/03\/cf-collado_ja.pdf\" target=\"_blank\" rel=\"noreferrer noopener\">Tesis JCollado<\/a><\/li>\n\n<li>Ra\u00fal Morales, \u00abDise\u00f1o de Estrategias de Control Predictivo Supervisor para Centrales Solares Termoel\u00e9ctricas de Colectores Cilindro Parab\u00f3licos\u00bb, Ingeniero Civil Electricista, Universidad de Chile. Diciembre 2013. <a href=\"https:\/\/www.cec.uchile.cl\/~dsaez\/wp-content\/uploads\/2017\/03\/cf-morales_rc.pdf\" target=\"_blank\" rel=\"noreferrer noopener\">Tesis RMorales<\/a><\/li>\n\n<li>Jacqueline Llanos, \u00abM\u00e9todo para la Generaci\u00f3n de Perfiles de Demanda en Comunidades Aisladas y Predicci\u00f3n de Demanda de Corto Plazo, para Micro-Redes Basadas en Energ\u00edas Renovables\u00bb. Mag\u00edster en Ingenier\u00eda El\u00e9ctrica, Ingeniero Civil Electricista, Universidad de Chile. Enero 2012. <a href=\"https:\/\/www.cec.uchile.cl\/~dsaez\/wp-content\/uploads\/2017\/03\/cf-llanos_jp.pdf\" target=\"_blank\" rel=\"noreferrer noopener\">Tesis JLlanos<\/a><\/li>\n\n<li>Francisco Valencia, \u00abPredicci\u00f3n de Demanda de Pasajeros en Tiempo Real para Evaluaci\u00f3n de Estrategias de Control en Sistemas de Transporte P\u00fablico\u00bb, Mag\u00edster en Ingenier\u00eda El\u00e9ctrica, Ingeniero Civil Electricista, Universidad de Chile. Enero 2012. <a href=\"https:\/\/www.cec.uchile.cl\/~dsaez\/wp-content\/uploads\/2017\/03\/cf-valencia_fq.pdf\" target=\"_blank\" rel=\"noreferrer noopener\">Tesis FValencia<\/a><\/li>\n\n<li>Freddy Milla Nanjari, \u00abDesign of Non-linear Predictive Control Strategies for the Operation of Dynamic Public Transport Systems\u00bb, 2007-2011. Doctorado en Ingenier\u00eda El\u00e9ctrica, Universidad de Chile. Mayo\u00a02012. <a href=\"https:\/\/www.cec.uchile.cl\/~dsaez\/wp-content\/uploads\/2017\/03\/cf-milla_fn.pdf\" target=\"_blank\" rel=\"noreferrer noopener\">Tesis FMilla<\/a><\/li>\n\n<li>Bernardo Severino, \u00abModelaci\u00f3n de Generador Fotovoltaico y Banco de Bater\u00edas de Plomo \u00c1cido como Elementos de una Microrred\u00bb, Ingeniero Civil Electricista, Universidad de Chile. Agosto 2011. <a href=\"https:\/\/www.cec.uchile.cl\/~dsaez\/wp-content\/uploads\/2017\/03\/cf-severino_ba.pdf\" target=\"_blank\" rel=\"noreferrer noopener\">Tesis BSeverino<\/a><\/li>\n\n<li>Ignacio Erbetta, \u00abPredicci\u00f3n de la Potencia para la Operaci\u00f3n de Parques E\u00f3licos\u00bb, Ingeniero Civil Electricista, Universidad de Chile. Enero 2011. <a href=\"https:\/\/www.cec.uchile.cl\/~dsaez\/wp-content\/uploads\/2017\/03\/cf-erbetta_im.pdf\" target=\"_blank\" rel=\"noreferrer noopener\">Tesis IErbetta<\/a><\/li>\n\n<li>Gabriel Moreno, \u00abIdentificaci\u00f3n de Sistemas Basada en Inteligencia Computacional y su Aplicaci\u00f3n a la Modelaci\u00f3n de un Aerogenerador\u00bb, Mag\u00edster en Ingenier\u00eda El\u00e9ctrica, Ingeniero Civil Electricista, Universidad de Chile. Abril 2011. <a href=\"https:\/\/www.cec.uchile.cl\/~dsaez\/wp-content\/uploads\/2017\/03\/cf-moreno_gc.pdf\" target=\"_blank\" rel=\"noreferrer noopener\">Tesis GMoreno<\/a><\/li>\n\n<li>Juan Sol\u00eds, \u00abDise\u00f1o e Implementaci\u00f3n de Estrategias de Control Predictivo Supervisor Aplicadas a la Caldera de una Central Termoel\u00e9ctrica de Ciclo Combinado\u00bb, Mag\u00edster en Ingenier\u00eda El\u00e9ctrica, Ingeniero Civil Electricista, Universidad de Chile. Junio 2010. <a href=\"https:\/\/www.cec.uchile.cl\/~dsaez\/wp-content\/uploads\/2017\/03\/cf-solis_jc.pdf\" target=\"_blank\" rel=\"noreferrer noopener\">Tesis JSol\u00eds<\/a><\/li>\n\n<li>Diego Mu\u00f1oz Carpintero, \u00abDise\u00f1o y Evaluaci\u00f3n de Algoritmos Evolutivos para\u00a0 Estrategias de Control Predictivo H\u00edbrido No Lineal\u00bb, Mag\u00edster\u00a0 en Ingenier\u00eda El\u00e9ctrica, Ingeniero Civil Electricista, Universidad de Chile. Enero 2010. <a href=\"https:\/\/www.cec.uchile.cl\/~dsaez\/wp-content\/uploads\/2017\/03\/cf-munoz_dc.pdf\" target=\"_blank\" rel=\"noreferrer noopener\">Tesis DMu\u00f1oz<\/a><\/li>\n\n<li>Alfredo Nu\u00f1ez Vicencio, \u00abDesign of Hybrid Predictive Control Strategies for Optimization of Operational Processes in Dynamic Transport Systems\u00bb, Doctorado en Ingenier\u00eda El\u00e9ctrica, Universidad de Chile. Diciembre 2009. <a href=\"https:\/\/www.cec.uchile.cl\/~dsaez\/wp-content\/uploads\/2017\/03\/cf-nunez_av.pdf\" target=\"_blank\" rel=\"noreferrer noopener\">Tesis ANu\u00f1ez<\/a><\/li>\n\n<li>Patricio Torres Tapia, \u00abDise\u00f1o e Implementaci\u00f3n de una Metodolog\u00eda de Identificaci\u00f3n Difusa para Sistemas H\u00edbridos No-Lineales\u00bb, Mag\u00edster en Ingenier\u00eda El\u00e9ctrica, Ingeniero Civil Electricista, Universidad de Chile. Enero 2009. <a href=\"http:\/\/repositorio.uchile.cl\/handle\/2250\/102111\" target=\"_blank\" rel=\"noreferrer noopener\">Tesis PTorres<\/a><\/li>\n\n<li>Marcela Riquelme Olmedo, \u00abEstrategias de Control Predictivo H\u00edbrido Basadas en Optimizaci\u00f3n Multiobjetivo y su Aplicaci\u00f3n al Control de Frecuencia de Buses con Transbordo\u00bb, Ingeniera Civil Electricista, Universidad de Chile. Octubre 2007. <a href=\"http:\/\/repositorio.uchile.cl\/handle\/2250\/104738\" target=\"_blank\" rel=\"noreferrer noopener\">Tesis MRiquelme<\/a><\/li>\n\n<li>Eduardo S\u00e1ez Manr\u00edquez, \u00abEstrategias de Control Predictivo H\u00edbrido en Tiempo Real para Sistemas de Regulaci\u00f3n de Intervalos en Sistemas de Transporte P\u00fablico\u00bb, Ingeniero Civil Electricista, Universidad de Chile. Agosto 2007. <a href=\"https:\/\/www.cec.uchile.cl\/~dsaez\/wp-content\/uploads\/2017\/03\/memoria-Eduardo-Saez.pdf\">Tesis ESaez<\/a><\/li>\n\n<li>Alfredo Nu\u00f1ez Vicencio, \u00abEstrategias de Control Predictivo H\u00edbrido y su Aplicaci\u00f3n al Ruteo Din\u00e1mico de Veh\u00edculos\u00bb, Mag\u00edster en Ingenier\u00eda El\u00e9ctrica, Ingeniero Civil Electricista, Universidad de Chile. Mayo 2007.\u00a0<a href=\"https:\/\/www.cec.uchile.cl\/~dsaez\/wp-content\/uploads\/2015\/09\/Tesis_ANu\u00f1ez.pdf\" target=\"_blank\" rel=\"noreferrer noopener\">Tesis ANu\u00f1ez<\/a><\/li>\n\n<li>Pablo Medina Cofre, \u00abDetecci\u00f3n y Aislamiento de Fallas en C\u00e1maras de Combusti\u00f3n de la Turbina a Gas de la Central Nueva Renca\u00bb, Mag\u00edster en Ingenier\u00eda El\u00e9ctrica, Ingeniero Civil Electricista, Universidad de Chile. Mayo 2007. <a href=\"https:\/\/www.cec.uchile.cl\/~dsaez\/wp-content\/uploads\/2017\/03\/Tesis-Version-Final-PMedina.pdf\">Tesis PMedina<\/a><\/li>\n\n<li>Freddy Milla Nanjari, \u00abDise\u00f1o de Estrategias de Control Supervisor Predictivo H\u00edbrido para una Planta Termoel\u00e9ctrica de Ciclo Combinado\u00bb, Mag\u00edster en Ingenier\u00eda El\u00e9ctrica, Universidad de Chile. Enero 2007.\u00a0<a href=\"https:\/\/www.cec.uchile.cl\/~dsaez\/wp-content\/uploads\/2015\/09\/Tesis-Magister-FMilla.pdf\" target=\"_blank\" rel=\"noreferrer noopener\">Tesis FMilla<\/a><\/li>\n\n<li>Iris Silva Castro, \u00abControl Predictivo Supervisor Neuronal para la Turbina a Gas de la Central T\u00e9rmica Nueva Renca\u00bb, Ingeniera Civil Electricista, Universidad de Chile. Enero 2007. <a href=\"https:\/\/www.cec.uchile.cl\/~dsaez\/wp-content\/uploads\/2017\/03\/Memoria_Iris-Silva-Castro.pdf\">Tesis ISilva<\/a><\/li>\n\n<li>Maximiliano B\u00e1ez, \u00abEstrategias de Control Avanzado para el Control de un Motor de Corriente Continua utilizando el Sistema de Control Distribuido DeltaV\u00bb, Ingeniero Civil Electricista, Universidad de Chile. Mayo 2006.\u00a0<a href=\"https:\/\/www.cec.uchile.cl\/~dsaez\/wp-content\/uploads\/2015\/09\/Memoria_MBaez.pdf\" target=\"_blank\" rel=\"noreferrer noopener\">Tesis MBaez<\/a><\/li>\n\n<li>Roberto Z\u00fa\u00f1iga Roblero, \u00abOptimizaci\u00f3n Predictiva H\u00edbrida de Centrales de Ciclo Combinado\u00bb, Mag\u00edster en Ingenier\u00eda El\u00e9ctrica, Ingeniero Civil Electricista, Universidad de Chile. Mayo 2005.\u00a0<a href=\"https:\/\/www.cec.uchile.cl\/~dsaez\/wp-content\/uploads\/2015\/09\/Tesis_RZu\u00f1iga.pdf\" target=\"_blank\" rel=\"noreferrer noopener\">Tesis RZu\u00f1iga<\/a><\/li>\n\n<li>Miguel Binstock, \u00abControl de Trayectoria basado en L\u00f3gica Difusa para un Brazo Robot\u00bb, Departamento de Electr\u00f3nica, Ingeniero Electr\u00f3nico, Universidad de Buenos Aires. Agosto 2005.<\/li>\n\n<li>Freddy Milla Nanjar\u00ed, \u00abModelaci\u00f3n y Control Supervisor Difuso para la Turbina a Gas de una Central Termoel\u00e9ctrica de Ciclo Combinado\u00bb, Ingeniero Civil Electricista, Universidad de Chile. Agosto 2004.\u00a0<a href=\"https:\/\/www.cec.uchile.cl\/~dsaez\/wp-content\/uploads\/2015\/09\/Memoria_FMilla.pdf\" target=\"_blank\" rel=\"noreferrer noopener\">Tesis FMilla<\/a><\/li>\n\n<li>Jonathan Contreras, \u00abDise\u00f1o de Estrategias de Control Supervisor usando Redes Neuronales para la Caldera de una Central de Ciclo Combinado\u00bb, Ingeniero Civil Electricista\/Ingeniero Civil Industrial, Universidad de Chile. Junio 2004.\u00a0<a href=\"https:\/\/www.cec.uchile.cl\/~dsaez\/wp-content\/uploads\/2015\/09\/Memoria_JContreras.pdf\" target=\"_blank\" rel=\"noreferrer noopener\">Tesis JContreras<\/a><\/li>\n\n<li>Mart\u00edn Alay\u00f3n, \u00abDise\u00f1o de Estrategias de Control Neuronal y su Aplicaci\u00f3n al Control de un Sistema de Nivel de L\u00edquido\u00bb, Ingeniero Electr\u00f3nico, Universidad de Buenos Aires. Mayo 2004.<\/li>\n\n<li>Fernando Cofman, \u00abDise\u00f1o de estrategias de Control Difuso y su aplicaci\u00f3n al sistema PID-Pong\u00bb,\u00a0 Ingeniero Electr\u00f3nico, Universidad de Buenos Aires. 2003.<\/li>\n<\/ul>\n","protected":false},"excerpt":{"rendered":"<p>Current Students Luis Jim\u00e9nez, \u00abEnergy Management System based on Model Predictive Control and Reinforcement Learning for Seaport Microgrids\u00bb, Double degree Ph.D Programme in Electrical Engineering, U. Chile &#8211; U. Manchester. 2025 &#8211; date. Karina Montaluisa, \u00abArtificial Intelligence Applied to Port &hellip; <a href=\"https:\/\/www.cec.uchile.cl\/~dsaez\/?page_id=615\">Sigue leyendo <span class=\"meta-nav\">&rarr;<\/span><\/a><\/p>\n","protected":false},"author":2,"featured_media":0,"parent":0,"menu_order":0,"comment_status":"closed","ping_status":"closed","template":"","meta":{"footnotes":""},"class_list":["post-615","page","type-page","status-publish","hentry"],"_links":{"self":[{"href":"https:\/\/www.cec.uchile.cl\/~dsaez\/index.php?rest_route=\/wp\/v2\/pages\/615","targetHints":{"allow":["GET"]}}],"collection":[{"href":"https:\/\/www.cec.uchile.cl\/~dsaez\/index.php?rest_route=\/wp\/v2\/pages"}],"about":[{"href":"https:\/\/www.cec.uchile.cl\/~dsaez\/index.php?rest_route=\/wp\/v2\/types\/page"}],"author":[{"embeddable":true,"href":"https:\/\/www.cec.uchile.cl\/~dsaez\/index.php?rest_route=\/wp\/v2\/users\/2"}],"replies":[{"embeddable":true,"href":"https:\/\/www.cec.uchile.cl\/~dsaez\/index.php?rest_route=%2Fwp%2Fv2%2Fcomments&post=615"}],"version-history":[{"count":56,"href":"https:\/\/www.cec.uchile.cl\/~dsaez\/index.php?rest_route=\/wp\/v2\/pages\/615\/revisions"}],"predecessor-version":[{"id":789,"href":"https:\/\/www.cec.uchile.cl\/~dsaez\/index.php?rest_route=\/wp\/v2\/pages\/615\/revisions\/789"}],"wp:attachment":[{"href":"https:\/\/www.cec.uchile.cl\/~dsaez\/index.php?rest_route=%2Fwp%2Fv2%2Fmedia&parent=615"}],"curies":[{"name":"wp","href":"https:\/\/api.w.org\/{rel}","templated":true}]}}