{"id":87,"date":"2024-09-24T16:54:54","date_gmt":"2024-09-24T16:54:54","guid":{"rendered":"http:\/\/loftech.local\/?page_id=87"},"modified":"2025-04-29T03:54:07","modified_gmt":"2025-04-29T03:54:07","slug":"escuelas","status":"publish","type":"page","link":"https:\/\/www.cec.uchile.cl\/~die.kimeltuweloftech\/escuelas\/","title":{"rendered":"Escuelas"},"content":{"rendered":"\t\t<div data-elementor-type=\"wp-page\" data-elementor-id=\"87\" class=\"elementor elementor-87\" data-elementor-settings=\"{&quot;ha_cmc_init_switcher&quot;:&quot;no&quot;}\">\n\t\t\t\t<div class=\"elementor-element elementor-element-b3e7385 e-flex e-con-boxed wpr-particle-no wpr-jarallax-no wpr-parallax-no wpr-sticky-section-no e-con e-parent\" data-id=\"b3e7385\" data-element_type=\"container\" data-settings=\"{&quot;_ha_eqh_enable&quot;:false}\">\n\t\t\t\t\t<div class=\"e-con-inner\">\n\t\t\t\t<div class=\"elementor-element elementor-element-c653d5c elementor-widget elementor-widget-heading\" data-id=\"c653d5c\" data-element_type=\"widget\" data-widget_type=\"heading.default\">\n\t\t\t\t<div class=\"elementor-widget-container\">\n\t\t\t\t\t<h2 class=\"elementor-heading-title elementor-size-default\">Escuelas con las que colaboramos<\/h2>\t\t\t\t<\/div>\n\t\t\t\t<\/div>\n\t\t\t\t\t<\/div>\n\t\t\t\t<\/div>\n\t\t<div class=\"elementor-element elementor-element-8c1d601 e-flex e-con-boxed wpr-particle-no wpr-jarallax-no wpr-parallax-no wpr-sticky-section-no e-con e-parent\" data-id=\"8c1d601\" data-element_type=\"container\" data-settings=\"{&quot;_ha_eqh_enable&quot;:false}\">\n\t\t\t\t\t<div class=\"e-con-inner\">\n\t\t\t\t<div class=\"elementor-element elementor-element-8c29110 elementor-widget elementor-widget-heading\" data-id=\"8c29110\" data-element_type=\"widget\" data-widget_type=\"heading.default\">\n\t\t\t\t<div class=\"elementor-widget-container\">\n\t\t\t\t\t<h2 class=\"elementor-heading-title elementor-size-default\">Escuela Bajo Yupehue<\/h2>\t\t\t\t<\/div>\n\t\t\t\t<\/div>\n\t\t\t\t\t<\/div>\n\t\t\t\t<\/div>\n\t\t<div class=\"elementor-element elementor-element-5226fff elementor-hidden-desktop e-flex e-con-boxed wpr-particle-no wpr-jarallax-no wpr-parallax-no wpr-sticky-section-no e-con e-parent\" data-id=\"5226fff\" data-element_type=\"container\" data-settings=\"{&quot;_ha_eqh_enable&quot;:false}\">\n\t\t\t\t\t<div class=\"e-con-inner\">\n\t\t\t\t<div class=\"elementor-element elementor-element-a57e868 elementor-widget elementor-widget-image\" data-id=\"a57e868\" data-element_type=\"widget\" data-widget_type=\"image.default\">\n\t\t\t\t<div class=\"elementor-widget-container\">\n\t\t\t\t\t\t\t\t\t\t\t\t\t\t\t<img fetchpriority=\"high\" decoding=\"async\" width=\"800\" height=\"600\" src=\"https:\/\/www.cec.uchile.cl\/~die.kimeltuweloftech\/wp-content\/uploads\/2024\/10\/BY12-07-2024-2-1024x768.jpg\" class=\"attachment-large size-large wp-image-109\" alt=\"\" srcset=\"https:\/\/www.cec.uchile.cl\/~die.kimeltuweloftech\/wp-content\/uploads\/2024\/10\/BY12-07-2024-2-1024x768.jpg 1024w, https:\/\/www.cec.uchile.cl\/~die.kimeltuweloftech\/wp-content\/uploads\/2024\/10\/BY12-07-2024-2-300x225.jpg 300w, https:\/\/www.cec.uchile.cl\/~die.kimeltuweloftech\/wp-content\/uploads\/2024\/10\/BY12-07-2024-2-768x576.jpg 768w, https:\/\/www.cec.uchile.cl\/~die.kimeltuweloftech\/wp-content\/uploads\/2024\/10\/BY12-07-2024-2-1536x1152.jpg 1536w, https:\/\/www.cec.uchile.cl\/~die.kimeltuweloftech\/wp-content\/uploads\/2024\/10\/BY12-07-2024-2-2048x1536.jpg 2048w\" sizes=\"(max-width: 800px) 100vw, 800px\" \/>\t\t\t\t\t\t\t\t\t\t\t\t\t\t\t<\/div>\n\t\t\t\t<\/div>\n\t\t\t\t<div class=\"elementor-element elementor-element-06eed02 elementor-widget elementor-widget-text-editor\" data-id=\"06eed02\" data-element_type=\"widget\" data-widget_type=\"text-editor.default\">\n\t\t\t\t<div class=\"elementor-widget-container\">\n\t\t\t\t\t\t\t\t\t<p>La Escuela P\u00fablica Bajo Yupehue, se ubica Km. 48 camino Carahue Tirua, sector Bajo Yupehue, en la Novena Regi\u00f3n de la Araucan\u00eda, Provincia Caut\u00edn Norte comuna de Carahue. Desde su inicio la escuela Bajo Yupehue tiene una alternativa educacional de calidad para la zona en la que \u00e9ste est\u00e1 inserto, en el cual se imparte educaci\u00f3n desde 1\u00ba a 8\u00ba a\u00f1o b\u00e1sico. Es un establecimiento educacional de dependencia municipal, posee una matr\u00edcula de 41 alumnos, con una planta docente de 9 funcionarios con una misi\u00f3n centrada en que la educaci\u00f3n que entrega la escuela sea de exigencia, calidad y equidad; que tienda a formar personas \u00edntegras, de s\u00f3lidos valores, respetando la diversidad, cultura y medio ambiente, para integrarse positivamente a la sociedad actual.<\/p>\t\t\t\t\t\t\t\t<\/div>\n\t\t\t\t<\/div>\n\t\t\t\t<div data-ha-element-link=\"{&quot;url&quot;:&quot;https:\\\/\\\/www.cec.uchile.cl\\\/~die.kimeltuweloftech\\\/escuela-bajo-yupehue\\\/&quot;,&quot;is_external&quot;:&quot;&quot;,&quot;nofollow&quot;:&quot;&quot;}\" style=\"cursor: pointer\" class=\"elementor-element elementor-element-4e0292d elementor-widget elementor-widget-button\" data-id=\"4e0292d\" data-element_type=\"widget\" data-widget_type=\"button.default\">\n\t\t\t\t<div class=\"elementor-widget-container\">\n\t\t\t\t\t\t\t\t\t<div class=\"elementor-button-wrapper\">\n\t\t\t\t\t<a class=\"elementor-button elementor-button-link elementor-size-sm\" href=\"#\">\n\t\t\t\t\t\t<span class=\"elementor-button-content-wrapper\">\n\t\t\t\t\t\t\t\t\t<span class=\"elementor-button-text\">Ver m\u00e1s<\/span>\n\t\t\t\t\t<\/span>\n\t\t\t\t\t<\/a>\n\t\t\t\t<\/div>\n\t\t\t\t\t\t\t\t<\/div>\n\t\t\t\t<\/div>\n\t\t\t\t\t<\/div>\n\t\t\t\t<\/div>\n\t\t<div class=\"elementor-element elementor-element-fc270c8 elementor-hidden-tablet elementor-hidden-mobile e-flex e-con-boxed wpr-particle-no wpr-jarallax-no wpr-parallax-no wpr-sticky-section-no e-con e-parent\" data-id=\"fc270c8\" data-element_type=\"container\" data-settings=\"{&quot;_ha_eqh_enable&quot;:false}\">\n\t\t\t\t\t<div class=\"e-con-inner\">\n\t\t<div class=\"elementor-element elementor-element-32e94f9 e-con-full e-flex wpr-particle-no wpr-jarallax-no wpr-parallax-no wpr-sticky-section-no e-con e-child\" data-id=\"32e94f9\" data-element_type=\"container\" data-settings=\"{&quot;_ha_eqh_enable&quot;:false}\">\n\t\t\t\t<div class=\"elementor-element elementor-element-e40296a elementor-widget elementor-widget-image\" data-id=\"e40296a\" data-element_type=\"widget\" data-widget_type=\"image.default\">\n\t\t\t\t<div class=\"elementor-widget-container\">\n\t\t\t\t\t\t\t\t\t\t\t\t\t\t\t<img fetchpriority=\"high\" decoding=\"async\" width=\"800\" height=\"600\" src=\"https:\/\/www.cec.uchile.cl\/~die.kimeltuweloftech\/wp-content\/uploads\/2024\/10\/BY12-07-2024-2-1024x768.jpg\" class=\"attachment-large size-large wp-image-109\" alt=\"\" srcset=\"https:\/\/www.cec.uchile.cl\/~die.kimeltuweloftech\/wp-content\/uploads\/2024\/10\/BY12-07-2024-2-1024x768.jpg 1024w, https:\/\/www.cec.uchile.cl\/~die.kimeltuweloftech\/wp-content\/uploads\/2024\/10\/BY12-07-2024-2-300x225.jpg 300w, https:\/\/www.cec.uchile.cl\/~die.kimeltuweloftech\/wp-content\/uploads\/2024\/10\/BY12-07-2024-2-768x576.jpg 768w, https:\/\/www.cec.uchile.cl\/~die.kimeltuweloftech\/wp-content\/uploads\/2024\/10\/BY12-07-2024-2-1536x1152.jpg 1536w, https:\/\/www.cec.uchile.cl\/~die.kimeltuweloftech\/wp-content\/uploads\/2024\/10\/BY12-07-2024-2-2048x1536.jpg 2048w\" sizes=\"(max-width: 800px) 100vw, 800px\" \/>\t\t\t\t\t\t\t\t\t\t\t\t\t\t\t<\/div>\n\t\t\t\t<\/div>\n\t\t\t\t<\/div>\n\t\t<div class=\"elementor-element elementor-element-a9329a9 e-con-full e-flex wpr-particle-no wpr-jarallax-no wpr-parallax-no wpr-sticky-section-no e-con e-child\" data-id=\"a9329a9\" data-element_type=\"container\" data-settings=\"{&quot;_ha_eqh_enable&quot;:false}\">\n\t\t\t\t<div class=\"elementor-element elementor-element-37e3b62 elementor-widget elementor-widget-text-editor\" data-id=\"37e3b62\" data-element_type=\"widget\" data-widget_type=\"text-editor.default\">\n\t\t\t\t<div class=\"elementor-widget-container\">\n\t\t\t\t\t\t\t\t\t<p>La Escuela P\u00fablica Bajo Yupehue, se ubica Km. 48 camino Carahue Tirua, sector Bajo Yupehue, en la Novena Regi\u00f3n de la Araucan\u00eda, Provincia Caut\u00edn Norte comuna de Carahue. Desde su inicio la escuela Bajo Yupehue tiene una alternativa educacional de calidad para la zona en la que \u00e9ste est\u00e1 inserto, en el cual se imparte educaci\u00f3n desde 1\u00ba a 8\u00ba a\u00f1o b\u00e1sico. Es un establecimiento educacional de dependencia municipal, posee una matr\u00edcula de 41 alumnos, con una planta docente de 9 funcionarios con una misi\u00f3n centrada en que la educaci\u00f3n que entrega la escuela sea de exigencia, calidad y equidad; que tienda a formar personas \u00edntegras, de s\u00f3lidos valores, respetando la diversidad, cultura y medio ambiente, para integrarse positivamente a la sociedad actual.<\/p>\t\t\t\t\t\t\t\t<\/div>\n\t\t\t\t<\/div>\n\t\t\t\t<div data-ha-element-link=\"{&quot;url&quot;:&quot;https:\\\/\\\/www.cec.uchile.cl\\\/~die.kimeltuweloftech\\\/escuela-bajo-yupehue\\\/&quot;,&quot;is_external&quot;:&quot;&quot;,&quot;nofollow&quot;:&quot;&quot;}\" style=\"cursor: pointer\" class=\"elementor-element elementor-element-6c53981 elementor-widget elementor-widget-button\" data-id=\"6c53981\" data-element_type=\"widget\" data-widget_type=\"button.default\">\n\t\t\t\t<div class=\"elementor-widget-container\">\n\t\t\t\t\t\t\t\t\t<div class=\"elementor-button-wrapper\">\n\t\t\t\t\t<a class=\"elementor-button elementor-button-link elementor-size-sm\" href=\"#\">\n\t\t\t\t\t\t<span class=\"elementor-button-content-wrapper\">\n\t\t\t\t\t\t\t\t\t<span class=\"elementor-button-text\">Ver m\u00e1s<\/span>\n\t\t\t\t\t<\/span>\n\t\t\t\t\t<\/a>\n\t\t\t\t<\/div>\n\t\t\t\t\t\t\t\t<\/div>\n\t\t\t\t<\/div>\n\t\t\t\t<\/div>\n\t\t\t\t\t<\/div>\n\t\t\t\t<\/div>\n\t\t<div class=\"elementor-element elementor-element-3ffffe0 e-flex e-con-boxed wpr-particle-no wpr-jarallax-no wpr-parallax-no wpr-sticky-section-no e-con e-parent\" data-id=\"3ffffe0\" data-element_type=\"container\" data-settings=\"{&quot;_ha_eqh_enable&quot;:false}\">\n\t\t\t\t\t<div class=\"e-con-inner\">\n\t\t\t\t<div class=\"elementor-element elementor-element-5fc074b elementor-widget elementor-widget-heading\" data-id=\"5fc074b\" data-element_type=\"widget\" data-widget_type=\"heading.default\">\n\t\t\t\t<div class=\"elementor-widget-container\">\n\t\t\t\t\t<h2 class=\"elementor-heading-title elementor-size-default\">Escuela Boyeco<\/h2>\t\t\t\t<\/div>\n\t\t\t\t<\/div>\n\t\t\t\t\t<\/div>\n\t\t\t\t<\/div>\n\t\t<div class=\"elementor-element elementor-element-2280938 elementor-hidden-desktop e-flex e-con-boxed wpr-particle-no wpr-jarallax-no wpr-parallax-no wpr-sticky-section-no e-con e-parent\" data-id=\"2280938\" data-element_type=\"container\" data-settings=\"{&quot;_ha_eqh_enable&quot;:false}\">\n\t\t\t\t\t<div class=\"e-con-inner\">\n\t\t\t\t<div class=\"elementor-element elementor-element-0c9eac9 elementor-widget elementor-widget-image\" data-id=\"0c9eac9\" data-element_type=\"widget\" data-widget_type=\"image.default\">\n\t\t\t\t<div class=\"elementor-widget-container\">\n\t\t\t\t\t\t\t\t\t\t\t\t\t\t\t<img decoding=\"async\" width=\"800\" height=\"600\" src=\"https:\/\/www.cec.uchile.cl\/~die.kimeltuweloftech\/wp-content\/uploads\/2025\/04\/IMG_20250417_090309428-1024x768.jpg\" class=\"attachment-large size-large wp-image-2221\" alt=\"\" srcset=\"https:\/\/www.cec.uchile.cl\/~die.kimeltuweloftech\/wp-content\/uploads\/2025\/04\/IMG_20250417_090309428-1024x768.jpg 1024w, https:\/\/www.cec.uchile.cl\/~die.kimeltuweloftech\/wp-content\/uploads\/2025\/04\/IMG_20250417_090309428-300x225.jpg 300w, https:\/\/www.cec.uchile.cl\/~die.kimeltuweloftech\/wp-content\/uploads\/2025\/04\/IMG_20250417_090309428-768x576.jpg 768w, https:\/\/www.cec.uchile.cl\/~die.kimeltuweloftech\/wp-content\/uploads\/2025\/04\/IMG_20250417_090309428-1536x1152.jpg 1536w, https:\/\/www.cec.uchile.cl\/~die.kimeltuweloftech\/wp-content\/uploads\/2025\/04\/IMG_20250417_090309428-2048x1536.jpg 2048w\" sizes=\"(max-width: 800px) 100vw, 800px\" \/>\t\t\t\t\t\t\t\t\t\t\t\t\t\t\t<\/div>\n\t\t\t\t<\/div>\n\t\t\t\t<div class=\"elementor-element elementor-element-00ad46a elementor-widget elementor-widget-text-editor\" data-id=\"00ad46a\" data-element_type=\"widget\" data-widget_type=\"text-editor.default\">\n\t\t\t\t<div class=\"elementor-widget-container\">\n\t\t\t\t\t\t\t\t\t<p>La Escuela Municipal Boyeco se encuentra ubicada a 10 kil\u00f3metros de la ciudad de Temuco, en el sector de Boyeco, comuna de Temuco, provincia de Caut\u00edn, regi\u00f3n de La Araucan\u00eda, a un costado de la carretera S-20 que conduce hacia Cholchol. El establecimiento imparte educaci\u00f3n de 5.\u00ba a 8.\u00ba b\u00e1sico, de los cuales un 92% de los estudiantes son de origen mapuche. La escuela es de dependencia municipal y cuenta con un equipo consolidado de docentes, incluyendo profesoras de lengua y cultura mapuche y una educadora tradicional. La misi\u00f3n principal de la escuela es recobrar la identidad, los valores y los conocimientos de la cultura mapuche, integrando la ense\u00f1anza del mapuzugun en el curr\u00edculum escolar. Adem\u00e1s, busca establecer pol\u00edticas de extensi\u00f3n e impacto en la comunidad, generando espacios de encuentro, di\u00e1logo y formaci\u00f3n. La escuela promueve el fortalecimiento de la identidad cultural mapuche, propiciando su participaci\u00f3n activa y respetuosa en un contexto intercultural.<\/p>\t\t\t\t\t\t\t\t<\/div>\n\t\t\t\t<\/div>\n\t\t\t\t<div data-ha-element-link=\"{&quot;url&quot;:&quot;https:\\\/\\\/www.cec.uchile.cl\\\/~die.kimeltuweloftech\\\/escuela-boyeco\\\/&quot;,&quot;is_external&quot;:&quot;&quot;,&quot;nofollow&quot;:&quot;&quot;}\" style=\"cursor: pointer\" class=\"elementor-element elementor-element-cb26402 elementor-widget elementor-widget-button\" data-id=\"cb26402\" data-element_type=\"widget\" data-widget_type=\"button.default\">\n\t\t\t\t<div class=\"elementor-widget-container\">\n\t\t\t\t\t\t\t\t\t<div class=\"elementor-button-wrapper\">\n\t\t\t\t\t<a class=\"elementor-button elementor-button-link elementor-size-sm\" href=\"#\">\n\t\t\t\t\t\t<span class=\"elementor-button-content-wrapper\">\n\t\t\t\t\t\t\t\t\t<span class=\"elementor-button-text\">Ver m\u00e1s<\/span>\n\t\t\t\t\t<\/span>\n\t\t\t\t\t<\/a>\n\t\t\t\t<\/div>\n\t\t\t\t\t\t\t\t<\/div>\n\t\t\t\t<\/div>\n\t\t\t\t\t<\/div>\n\t\t\t\t<\/div>\n\t\t<div class=\"elementor-element elementor-element-58fc7a6 elementor-hidden-tablet elementor-hidden-mobile e-flex e-con-boxed wpr-particle-no wpr-jarallax-no wpr-parallax-no wpr-sticky-section-no e-con e-parent\" data-id=\"58fc7a6\" data-element_type=\"container\" data-settings=\"{&quot;_ha_eqh_enable&quot;:false}\">\n\t\t\t\t\t<div class=\"e-con-inner\">\n\t\t<div class=\"elementor-element elementor-element-1a86076 e-con-full e-flex wpr-particle-no wpr-jarallax-no wpr-parallax-no wpr-sticky-section-no e-con e-child\" data-id=\"1a86076\" data-element_type=\"container\" data-settings=\"{&quot;_ha_eqh_enable&quot;:false}\">\n\t\t\t\t<div class=\"elementor-element elementor-element-392c470 elementor-widget elementor-widget-image\" data-id=\"392c470\" data-element_type=\"widget\" data-widget_type=\"image.default\">\n\t\t\t\t<div class=\"elementor-widget-container\">\n\t\t\t\t\t\t\t\t\t\t\t\t\t\t\t<img decoding=\"async\" width=\"800\" height=\"600\" src=\"https:\/\/www.cec.uchile.cl\/~die.kimeltuweloftech\/wp-content\/uploads\/2025\/04\/IMG_20250417_090309428-1024x768.jpg\" class=\"attachment-large size-large wp-image-2221\" alt=\"\" srcset=\"https:\/\/www.cec.uchile.cl\/~die.kimeltuweloftech\/wp-content\/uploads\/2025\/04\/IMG_20250417_090309428-1024x768.jpg 1024w, https:\/\/www.cec.uchile.cl\/~die.kimeltuweloftech\/wp-content\/uploads\/2025\/04\/IMG_20250417_090309428-300x225.jpg 300w, https:\/\/www.cec.uchile.cl\/~die.kimeltuweloftech\/wp-content\/uploads\/2025\/04\/IMG_20250417_090309428-768x576.jpg 768w, https:\/\/www.cec.uchile.cl\/~die.kimeltuweloftech\/wp-content\/uploads\/2025\/04\/IMG_20250417_090309428-1536x1152.jpg 1536w, https:\/\/www.cec.uchile.cl\/~die.kimeltuweloftech\/wp-content\/uploads\/2025\/04\/IMG_20250417_090309428-2048x1536.jpg 2048w\" sizes=\"(max-width: 800px) 100vw, 800px\" \/>\t\t\t\t\t\t\t\t\t\t\t\t\t\t\t<\/div>\n\t\t\t\t<\/div>\n\t\t\t\t<\/div>\n\t\t<div class=\"elementor-element elementor-element-5fad9e9 e-con-full e-flex wpr-particle-no wpr-jarallax-no wpr-parallax-no wpr-sticky-section-no e-con e-child\" data-id=\"5fad9e9\" data-element_type=\"container\" data-settings=\"{&quot;_ha_eqh_enable&quot;:false}\">\n\t\t\t\t<div class=\"elementor-element elementor-element-96036b4 elementor-widget elementor-widget-text-editor\" data-id=\"96036b4\" data-element_type=\"widget\" data-widget_type=\"text-editor.default\">\n\t\t\t\t<div class=\"elementor-widget-container\">\n\t\t\t\t\t\t\t\t\t<p>La Escuela Municipal Boyeco se encuentra ubicada a 10 kil\u00f3metros de la ciudad de Temuco, en el sector de Boyeco, comuna de Temuco, provincia de Caut\u00edn, regi\u00f3n de La Araucan\u00eda, a un costado de la carretera S-20 que conduce hacia Cholchol. El establecimiento imparte educaci\u00f3n de 5.\u00ba a 8.\u00ba b\u00e1sico, de los cuales un 92% de los estudiantes son de origen mapuche. La escuela es de dependencia municipal y cuenta con un equipo consolidado de docentes, incluyendo profesoras de lengua y cultura mapuche y una educadora tradicional. La misi\u00f3n principal de la escuela es recobrar la identidad, los valores y los conocimientos de la cultura mapuche, integrando la ense\u00f1anza del mapuzugun en el curr\u00edculum escolar. Adem\u00e1s, busca establecer pol\u00edticas de extensi\u00f3n e impacto en la comunidad, generando espacios de encuentro, di\u00e1logo y formaci\u00f3n. La escuela promueve el fortalecimiento de la identidad cultural mapuche, propiciando su participaci\u00f3n activa y respetuosa en un contexto intercultural.<\/p>\t\t\t\t\t\t\t\t<\/div>\n\t\t\t\t<\/div>\n\t\t\t\t<div data-ha-element-link=\"{&quot;url&quot;:&quot;https:\\\/\\\/www.cec.uchile.cl\\\/~die.kimeltuweloftech\\\/escuela-boyeco\\\/&quot;,&quot;is_external&quot;:&quot;&quot;,&quot;nofollow&quot;:&quot;&quot;}\" style=\"cursor: pointer\" class=\"elementor-element elementor-element-cb78912 elementor-widget elementor-widget-button\" data-id=\"cb78912\" data-element_type=\"widget\" data-widget_type=\"button.default\">\n\t\t\t\t<div class=\"elementor-widget-container\">\n\t\t\t\t\t\t\t\t\t<div class=\"elementor-button-wrapper\">\n\t\t\t\t\t<a class=\"elementor-button elementor-button-link elementor-size-sm\" href=\"#\">\n\t\t\t\t\t\t<span class=\"elementor-button-content-wrapper\">\n\t\t\t\t\t\t\t\t\t<span class=\"elementor-button-text\">Ver m\u00e1s<\/span>\n\t\t\t\t\t<\/span>\n\t\t\t\t\t<\/a>\n\t\t\t\t<\/div>\n\t\t\t\t\t\t\t\t<\/div>\n\t\t\t\t<\/div>\n\t\t\t\t<\/div>\n\t\t\t\t\t<\/div>\n\t\t\t\t<\/div>\n\t\t\t\t<\/div>\n\t\t","protected":false},"excerpt":{"rendered":"<p>Escuelas con las que colaboramos Escuela Bajo Yupehue La Escuela P\u00fablica Bajo Yupehue, se ubica Km. 48 camino Carahue Tirua, sector Bajo Yupehue, en la Novena Regi\u00f3n de la Araucan\u00eda, Provincia Caut\u00edn Norte comuna de Carahue. Desde su inicio la escuela Bajo Yupehue tiene una alternativa educacional de calidad para la zona en la que \u00e9ste est\u00e1 inserto, en el cual se imparte educaci\u00f3n desde 1\u00ba a 8\u00ba a\u00f1o b\u00e1sico. Es un establecimiento educacional de dependencia municipal, posee una matr\u00edcula de 41 alumnos, con una planta docente de 9 funcionarios con una misi\u00f3n centrada en que la educaci\u00f3n que entrega la escuela sea de exigencia, calidad y equidad; que tienda a formar personas \u00edntegras, de s\u00f3lidos valores, respetando la diversidad, cultura y medio ambiente, para integrarse positivamente a la sociedad actual. Ver m\u00e1s La Escuela P\u00fablica Bajo Yupehue, se ubica Km. 48 camino Carahue Tirua, sector Bajo Yupehue, en la Novena Regi\u00f3n de la Araucan\u00eda, Provincia Caut\u00edn Norte comuna de Carahue. Desde su inicio la escuela Bajo Yupehue tiene una alternativa educacional de calidad para la zona en la que \u00e9ste est\u00e1 inserto, en el cual se imparte educaci\u00f3n desde 1\u00ba a 8\u00ba a\u00f1o b\u00e1sico. Es un establecimiento educacional de dependencia municipal, posee una matr\u00edcula de 41 alumnos, con una planta docente de 9 funcionarios con una misi\u00f3n centrada en que la educaci\u00f3n que entrega la escuela sea de exigencia, calidad y equidad; que tienda a formar personas \u00edntegras, de s\u00f3lidos valores, respetando la diversidad, cultura y medio ambiente, para integrarse positivamente a la sociedad actual. Ver m\u00e1s Escuela Boyeco La Escuela Municipal Boyeco se encuentra ubicada a 10 kil\u00f3metros de la ciudad de Temuco, en el sector de Boyeco, comuna de Temuco, provincia de Caut\u00edn, regi\u00f3n de La Araucan\u00eda, a un costado de la carretera S-20 que conduce hacia Cholchol. El establecimiento imparte educaci\u00f3n de 5.\u00ba a 8.\u00ba b\u00e1sico, de los cuales un 92% de los estudiantes son de origen mapuche. La escuela es de dependencia municipal y cuenta con un equipo consolidado de docentes, incluyendo profesoras de lengua y cultura mapuche y una educadora tradicional. La misi\u00f3n principal de la escuela es recobrar la identidad, los valores y los conocimientos de la cultura mapuche, integrando la ense\u00f1anza del mapuzugun en el curr\u00edculum escolar. Adem\u00e1s, busca establecer pol\u00edticas de extensi\u00f3n e impacto en la comunidad, generando espacios de encuentro, di\u00e1logo y formaci\u00f3n. La escuela promueve el fortalecimiento de la identidad cultural mapuche, propiciando su participaci\u00f3n activa y respetuosa en un contexto intercultural. Ver m\u00e1s La Escuela Municipal Boyeco se encuentra ubicada a 10 kil\u00f3metros de la ciudad de Temuco, en el sector de Boyeco, comuna de Temuco, provincia de Caut\u00edn, regi\u00f3n de La Araucan\u00eda, a un costado de la carretera S-20 que conduce hacia Cholchol. El establecimiento imparte educaci\u00f3n de 5.\u00ba a 8.\u00ba b\u00e1sico, de los cuales un 92% de los estudiantes son de origen mapuche. La escuela es de dependencia municipal y cuenta con un equipo consolidado de docentes, incluyendo profesoras de lengua y cultura mapuche y una educadora tradicional. La misi\u00f3n principal de la escuela es recobrar la identidad, los valores y los conocimientos de la cultura mapuche, integrando la ense\u00f1anza del mapuzugun en el curr\u00edculum escolar. Adem\u00e1s, busca establecer pol\u00edticas de extensi\u00f3n e impacto en la comunidad, generando espacios de encuentro, di\u00e1logo y formaci\u00f3n. La escuela promueve el fortalecimiento de la identidad cultural mapuche, propiciando su participaci\u00f3n activa y respetuosa en un contexto intercultural. Ver m\u00e1s<\/p>\n","protected":false},"author":2,"featured_media":0,"parent":0,"menu_order":0,"comment_status":"closed","ping_status":"closed","template":"","meta":{"footnotes":""},"class_list":["post-87","page","type-page","status-publish","hentry"],"_links":{"self":[{"href":"https:\/\/www.cec.uchile.cl\/~die.kimeltuweloftech\/wp-json\/wp\/v2\/pages\/87","targetHints":{"allow":["GET"]}}],"collection":[{"href":"https:\/\/www.cec.uchile.cl\/~die.kimeltuweloftech\/wp-json\/wp\/v2\/pages"}],"about":[{"href":"https:\/\/www.cec.uchile.cl\/~die.kimeltuweloftech\/wp-json\/wp\/v2\/types\/page"}],"author":[{"embeddable":true,"href":"https:\/\/www.cec.uchile.cl\/~die.kimeltuweloftech\/wp-json\/wp\/v2\/users\/2"}],"replies":[{"embeddable":true,"href":"https:\/\/www.cec.uchile.cl\/~die.kimeltuweloftech\/wp-json\/wp\/v2\/comments?post=87"}],"version-history":[{"count":91,"href":"https:\/\/www.cec.uchile.cl\/~die.kimeltuweloftech\/wp-json\/wp\/v2\/pages\/87\/revisions"}],"predecessor-version":[{"id":2598,"href":"https:\/\/www.cec.uchile.cl\/~die.kimeltuweloftech\/wp-json\/wp\/v2\/pages\/87\/revisions\/2598"}],"wp:attachment":[{"href":"https:\/\/www.cec.uchile.cl\/~die.kimeltuweloftech\/wp-json\/wp\/v2\/media?parent=87"}],"curies":[{"name":"wp","href":"https:\/\/api.w.org\/{rel}","templated":true}]}}