{"id":375,"date":"2025-03-03T00:46:11","date_gmt":"2025-03-03T00:46:11","guid":{"rendered":"https:\/\/www.cec.uchile.cl\/~die.kimeltuweloftech\/?page_id=375"},"modified":"2026-01-19T21:26:31","modified_gmt":"2026-01-19T21:26:31","slug":"inicio","status":"publish","type":"page","link":"https:\/\/www.cec.uchile.cl\/~die.kimeltuweloftech\/","title":{"rendered":"Inicio"},"content":{"rendered":"\t\t<div data-elementor-type=\"wp-page\" data-elementor-id=\"375\" class=\"elementor elementor-375\" data-elementor-settings=\"{&quot;ha_cmc_init_switcher&quot;:&quot;no&quot;}\">\n\t\t\t\t<div class=\"elementor-element elementor-element-64fb3b1 e-flex e-con-boxed wpr-particle-no wpr-jarallax-no wpr-parallax-no wpr-sticky-section-no e-con e-parent\" data-id=\"64fb3b1\" data-element_type=\"container\" data-settings=\"{&quot;background_background&quot;:&quot;classic&quot;,&quot;_ha_eqh_enable&quot;:false}\">\n\t\t\t\t\t<div class=\"e-con-inner\">\n\t\t\t\t<div class=\"elementor-element elementor-element-5c4dfdc ha-has-bg-overlay elementor-widget elementor-widget-heading\" data-id=\"5c4dfdc\" data-element_type=\"widget\" data-widget_type=\"heading.default\">\n\t\t\t\t<div class=\"elementor-widget-container\">\n\t\t\t\t\t<h1 class=\"elementor-heading-title elementor-size-default\">Dise\u00f1o e implementaci\u00f3n de prototipo Tecnol\u00f3gico IoT\/Renovable con enfoque intercultural para escuelas rurales ind\u00edgenas<\/h1>\t\t\t\t<\/div>\n\t\t\t\t<\/div>\n\t\t\t\t\t<\/div>\n\t\t\t\t<\/div>\n\t\t<div class=\"elementor-element elementor-element-fc5e3f8 e-flex e-con-boxed wpr-particle-no wpr-jarallax-no wpr-parallax-no wpr-sticky-section-no e-con e-parent\" data-id=\"fc5e3f8\" data-element_type=\"container\" data-settings=\"{&quot;_ha_eqh_enable&quot;:false}\">\n\t\t\t\t\t<div class=\"e-con-inner\">\n\t\t\t\t<div class=\"elementor-element elementor-element-45b4d94 elementor-widget elementor-widget-heading\" data-id=\"45b4d94\" data-element_type=\"widget\" data-widget_type=\"heading.default\">\n\t\t\t\t<div class=\"elementor-widget-container\">\n\t\t\t\t\t<h2 class=\"elementor-heading-title elementor-size-default\">\u00bfPor qu\u00e9 nace este proyecto?<\/h2>\t\t\t\t<\/div>\n\t\t\t\t<\/div>\n\t\t\t\t<div class=\"elementor-element elementor-element-ed7e0fa elementor-widget elementor-widget-text-editor\" data-id=\"ed7e0fa\" data-element_type=\"widget\" data-widget_type=\"text-editor.default\">\n\t\t\t\t<div class=\"elementor-widget-container\">\n\t\t\t\t\t\t\t\t\t<p>En Chile, la <strong>disparidad educativa entre zonas urbanas y rurales<\/strong> es evidente, especialmente en las escuelas que atienden a comunidades rurales ind\u00edgenas. La falta de recursos econ\u00f3micos y el aislamiento, permea las posibilidades de brindar una educaci\u00f3n de mejor calidad y oportunidades, as\u00ed como se ha visto retrasada la inclusi\u00f3n de los <strong>saberes ind\u00edgenas<\/strong> en los contenidos educativos, adem\u00e1s de considerar la integraci\u00f3n de su sabidur\u00eda en las competencias escolares necesarias a desarrollar.<br \/>Este proyecto considera una metodolog\u00eda intercultural, como principio fundacional para el trabajo con las comunidades escolares ind\u00edgenas rurales. El desaf\u00edo cient\u00edfico es el desarrollo de un nuevo sistema de conocimientos para el trasvase e intercambio entre los saberes ind\u00edgenas de la comunidad educativa y las tecnolog\u00edas propuestas mayormente desde el mundo occidental, y as\u00ed lograr aplicaciones tecnol\u00f3gicas, basadas en <strong>Internet de las Cosas (IoT)<\/strong> y de <strong>energ\u00edas renovables<\/strong>, que sean pertinentes a los propios territorios y sus culturas.<\/p>\t\t\t\t\t\t\t\t<\/div>\n\t\t\t\t<\/div>\n\t\t\t\t<div data-ha-element-link=\"{&quot;url&quot;:&quot;https:\\\/\\\/www.cec.uchile.cl\\\/~die.kimeltuweloftech\\\/proyecto_2024\\\/&quot;,&quot;is_external&quot;:&quot;&quot;,&quot;nofollow&quot;:&quot;&quot;}\" style=\"cursor: pointer\" class=\"elementor-element elementor-element-3cfeb2f elementor-tablet-align-center elementor-widget elementor-widget-button\" data-id=\"3cfeb2f\" data-element_type=\"widget\" data-widget_type=\"button.default\">\n\t\t\t\t<div class=\"elementor-widget-container\">\n\t\t\t\t\t\t\t\t\t<div class=\"elementor-button-wrapper\">\n\t\t\t\t\t<a class=\"elementor-button elementor-button-link elementor-size-sm\" href=\"#\">\n\t\t\t\t\t\t<span class=\"elementor-button-content-wrapper\">\n\t\t\t\t\t\t\t\t\t<span class=\"elementor-button-text\">Leer m\u00e1s<\/span>\n\t\t\t\t\t<\/span>\n\t\t\t\t\t<\/a>\n\t\t\t\t<\/div>\n\t\t\t\t\t\t\t\t<\/div>\n\t\t\t\t<\/div>\n\t\t\t\t\t<\/div>\n\t\t\t\t<\/div>\n\t\t<div class=\"elementor-element elementor-element-96652ab elementor-hidden-desktop e-flex e-con-boxed wpr-particle-no wpr-jarallax-no wpr-parallax-no wpr-sticky-section-no e-con e-parent\" data-id=\"96652ab\" data-element_type=\"container\" data-settings=\"{&quot;_ha_eqh_enable&quot;:false}\">\n\t\t\t\t\t<div class=\"e-con-inner\">\n\t\t\t\t<div class=\"elementor-element elementor-element-6c3c68d elementor-widget elementor-widget-heading\" data-id=\"6c3c68d\" data-element_type=\"widget\" data-widget_type=\"heading.default\">\n\t\t\t\t<div class=\"elementor-widget-container\">\n\t\t\t\t\t<h2 class=\"elementor-heading-title elementor-size-default\">Objetivo<\/h2>\t\t\t\t<\/div>\n\t\t\t\t<\/div>\n\t\t\t\t<div class=\"elementor-element elementor-element-750a9e8 elementor-widget elementor-widget-text-editor\" data-id=\"750a9e8\" data-element_type=\"widget\" data-widget_type=\"text-editor.default\">\n\t\t\t\t<div class=\"elementor-widget-container\">\n\t\t\t\t\t\t\t\t\t<p>Co-dise\u00f1ar, implementar y evaluar, mediante un enfoque intercultural, un prototipo tecnol\u00f3gico basado en tecnolog\u00edas IoT\/renovable con pertinencia cultural y territorial para escuelas rurales ind\u00edgenas que permita\u00a0 el desarrollo de soluciones que incorporen tanto los saberes locales como los de las ciencias e ingenier\u00edas.<\/p>\t\t\t\t\t\t\t\t<\/div>\n\t\t\t\t<\/div>\n\t\t\t\t<div class=\"elementor-element elementor-element-b873de5 elementor-widget elementor-widget-image\" data-id=\"b873de5\" data-element_type=\"widget\" data-widget_type=\"image.default\">\n\t\t\t\t<div class=\"elementor-widget-container\">\n\t\t\t\t\t\t\t\t\t\t\t\t\t\t\t<img fetchpriority=\"high\" decoding=\"async\" width=\"800\" height=\"215\" src=\"https:\/\/www.cec.uchile.cl\/~die.kimeltuweloftech\/wp-content\/uploads\/2025\/03\/Captura-de-pantalla-2025-03-25-193839-1024x275.png\" class=\"attachment-large size-large wp-image-1552\" alt=\"\" srcset=\"https:\/\/www.cec.uchile.cl\/~die.kimeltuweloftech\/wp-content\/uploads\/2025\/03\/Captura-de-pantalla-2025-03-25-193839-1024x275.png 1024w, https:\/\/www.cec.uchile.cl\/~die.kimeltuweloftech\/wp-content\/uploads\/2025\/03\/Captura-de-pantalla-2025-03-25-193839-300x81.png 300w, https:\/\/www.cec.uchile.cl\/~die.kimeltuweloftech\/wp-content\/uploads\/2025\/03\/Captura-de-pantalla-2025-03-25-193839-768x207.png 768w, https:\/\/www.cec.uchile.cl\/~die.kimeltuweloftech\/wp-content\/uploads\/2025\/03\/Captura-de-pantalla-2025-03-25-193839-1536x413.png 1536w, https:\/\/www.cec.uchile.cl\/~die.kimeltuweloftech\/wp-content\/uploads\/2025\/03\/Captura-de-pantalla-2025-03-25-193839.png 1733w\" sizes=\"(max-width: 800px) 100vw, 800px\" \/>\t\t\t\t\t\t\t\t\t\t\t\t\t\t\t<\/div>\n\t\t\t\t<\/div>\n\t\t\t\t<div class=\"elementor-element elementor-element-d78ba32 elementor-widget elementor-widget-heading\" data-id=\"d78ba32\" data-element_type=\"widget\" data-widget_type=\"heading.default\">\n\t\t\t\t<div class=\"elementor-widget-container\">\n\t\t\t\t\t<h2 class=\"elementor-heading-title elementor-size-default\">Equipo de trabajo actual<\/h2>\t\t\t\t<\/div>\n\t\t\t\t<\/div>\n\t\t\t\t<div class=\"elementor-element elementor-element-aeebfdf elementor-widget elementor-widget-text-editor\" data-id=\"aeebfdf\" data-element_type=\"widget\" data-widget_type=\"text-editor.default\">\n\t\t\t\t<div class=\"elementor-widget-container\">\n\t\t\t\t\t\t\t\t\t<ul><li>Doris S\u00e1ez Hueichapan,\u00a0<strong>Directora<\/strong>\u00a0&#8211; UCH<\/li><li>Juan Ignacio Huircan,\u00a0<strong>Subdirector\u00a0<\/strong>\u2013 UFRO<\/li><li>Carlos Mu\u00f1oz,\u00a0<strong>Investigador\u00a0<\/strong>\u2013 UFRO<\/li><li>Andr\u00e9s Marconi,\u00a0<strong>Antrop\u00f3logo<\/strong>\u00a0&#8211; UCH<\/li><li>Felipe Ot\u00e1rola,\u00a0<strong>Ingeniero electr\u00f3nico<\/strong>\u00a0&#8211; UCH &amp; UFRO<\/li><li>Diego Pinilla,\u00a0<strong>Ingeniero electr\u00f3nico<\/strong>\u00a0&#8211; UCH &amp; UFRO<\/li><li>Henry Huentenao,\u00a0<span style=\"font-weight: bolder;\">Ingeniero electr\u00f3nico<\/span>\u00a0\u2013 UFRO<\/li><li><span style=\"font-weight: 400;\">Alvaro Manr\u00edquez, <\/span><span style=\"font-weight: 400;\">\u00a0<strong>Ingeniero el\u00e9ctrico<\/strong>\u2013 UCH<\/span><\/li><li>Tiara Ram\u00edrez, <strong>Estudiante Ing. Electr\u00f3nica<\/strong>\u00a0\u2013 UFRO<\/li><li>Valentina C\u00e1ceres,\u00a0<strong>Estudiante Ing. Electr\u00f3nica<\/strong>\u00a0\u2013 UFRO<\/li><li>Juan Pablo B\u00e1ez,\u00a0<strong>Estudiante Ing. El\u00e9ctrica<\/strong>\u00a0\u2013 UCH<\/li><li>Camila Palma,\u00a0<strong>Estudiante Mag. Ing. El\u00e9ctrica<\/strong>\u00a0&#8211; UCH<\/li><li>Glenda Catal\u00e1n, <strong>Dise\u00f1adora Digital &#8211;\u00a0 <\/strong>UFRO<\/li><li>Kvyen Candia, <strong>Estudiante Ped. Cs, menci\u00f3n f\u00edsica<\/strong> &#8211; UFRO<\/li><\/ul>\t\t\t\t\t\t\t\t<\/div>\n\t\t\t\t<\/div>\n\t\t\t\t\t<\/div>\n\t\t\t\t<\/div>\n\t\t<div class=\"elementor-element elementor-element-aa17719 elementor-hidden-tablet elementor-hidden-mobile e-flex e-con-boxed wpr-particle-no wpr-jarallax-no wpr-parallax-no wpr-sticky-section-no e-con e-parent\" data-id=\"aa17719\" data-element_type=\"container\" data-settings=\"{&quot;background_background&quot;:&quot;classic&quot;,&quot;shape_divider_top&quot;:&quot;triangle&quot;,&quot;_ha_eqh_enable&quot;:false}\">\n\t\t\t\t\t<div class=\"e-con-inner\">\n\t\t\t\t<div class=\"elementor-shape elementor-shape-top\" data-negative=\"false\">\n\t\t\t<svg xmlns=\"http:\/\/www.w3.org\/2000\/svg\" viewBox=\"0 0 1000 100\" preserveAspectRatio=\"none\">\n\t<path class=\"elementor-shape-fill\" d=\"M500,98.9L0,6.1V0h1000v6.1L500,98.9z\"\/>\n<\/svg>\t\t<\/div>\n\t\t<div class=\"elementor-element elementor-element-33b7878 e-con-full e-flex wpr-particle-no wpr-jarallax-no wpr-parallax-no wpr-sticky-section-no e-con e-child\" data-id=\"33b7878\" data-element_type=\"container\" data-settings=\"{&quot;_ha_eqh_enable&quot;:false}\">\n\t\t\t\t<div class=\"elementor-element elementor-element-5e889d4 elementor-widget elementor-widget-heading\" data-id=\"5e889d4\" data-element_type=\"widget\" data-widget_type=\"heading.default\">\n\t\t\t\t<div class=\"elementor-widget-container\">\n\t\t\t\t\t<h2 class=\"elementor-heading-title elementor-size-default\">Objetivo<\/h2>\t\t\t\t<\/div>\n\t\t\t\t<\/div>\n\t\t\t\t<div class=\"elementor-element elementor-element-7acf771 elementor-widget elementor-widget-text-editor\" data-id=\"7acf771\" data-element_type=\"widget\" data-widget_type=\"text-editor.default\">\n\t\t\t\t<div class=\"elementor-widget-container\">\n\t\t\t\t\t\t\t\t\t<p>Co-dise\u00f1ar, implementar y evaluar, mediante un enfoque intercultural, un prototipo tecnol\u00f3gico basado en tecnolog\u00edas IoT\/renovable con pertinencia cultural y territorial para escuelas rurales ind\u00edgenas que permita\u00a0 el desarrollo de soluciones que incorporen tanto los saberes locales como los de las ciencias e ingenier\u00edas.<\/p>\t\t\t\t\t\t\t\t<\/div>\n\t\t\t\t<\/div>\n\t\t\t\t<div class=\"elementor-element elementor-element-ea36dba elementor-widget elementor-widget-image\" data-id=\"ea36dba\" data-element_type=\"widget\" data-widget_type=\"image.default\">\n\t\t\t\t<div class=\"elementor-widget-container\">\n\t\t\t\t\t\t\t\t\t\t\t\t\t\t\t<img fetchpriority=\"high\" decoding=\"async\" width=\"800\" height=\"215\" src=\"https:\/\/www.cec.uchile.cl\/~die.kimeltuweloftech\/wp-content\/uploads\/2025\/03\/Captura-de-pantalla-2025-03-25-193839-1024x275.png\" class=\"attachment-large size-large wp-image-1552\" alt=\"\" srcset=\"https:\/\/www.cec.uchile.cl\/~die.kimeltuweloftech\/wp-content\/uploads\/2025\/03\/Captura-de-pantalla-2025-03-25-193839-1024x275.png 1024w, https:\/\/www.cec.uchile.cl\/~die.kimeltuweloftech\/wp-content\/uploads\/2025\/03\/Captura-de-pantalla-2025-03-25-193839-300x81.png 300w, https:\/\/www.cec.uchile.cl\/~die.kimeltuweloftech\/wp-content\/uploads\/2025\/03\/Captura-de-pantalla-2025-03-25-193839-768x207.png 768w, https:\/\/www.cec.uchile.cl\/~die.kimeltuweloftech\/wp-content\/uploads\/2025\/03\/Captura-de-pantalla-2025-03-25-193839-1536x413.png 1536w, https:\/\/www.cec.uchile.cl\/~die.kimeltuweloftech\/wp-content\/uploads\/2025\/03\/Captura-de-pantalla-2025-03-25-193839.png 1733w\" sizes=\"(max-width: 800px) 100vw, 800px\" \/>\t\t\t\t\t\t\t\t\t\t\t\t\t\t\t<\/div>\n\t\t\t\t<\/div>\n\t\t\t\t<\/div>\n\t\t<div class=\"elementor-element elementor-element-bde3cd8 e-con-full e-flex wpr-particle-no wpr-jarallax-no wpr-parallax-no wpr-sticky-section-no e-con e-child\" data-id=\"bde3cd8\" data-element_type=\"container\" data-settings=\"{&quot;_ha_eqh_enable&quot;:false}\">\n\t\t\t\t<div class=\"elementor-element elementor-element-0cb6575 elementor-widget elementor-widget-heading\" data-id=\"0cb6575\" data-element_type=\"widget\" data-widget_type=\"heading.default\">\n\t\t\t\t<div class=\"elementor-widget-container\">\n\t\t\t\t\t<h2 class=\"elementor-heading-title elementor-size-default\">Equipo de trabajo actual<\/h2>\t\t\t\t<\/div>\n\t\t\t\t<\/div>\n\t\t\t\t<div class=\"elementor-element elementor-element-0643eec elementor-widget elementor-widget-text-editor\" data-id=\"0643eec\" data-element_type=\"widget\" data-widget_type=\"text-editor.default\">\n\t\t\t\t<div class=\"elementor-widget-container\">\n\t\t\t\t\t\t\t\t\t<ul><li>Doris S\u00e1ez Hueichapan,\u00a0<strong>Directora<\/strong>\u00a0&#8211; UCH<\/li><li>Juan Ignacio Huircan,\u00a0<strong>Subdirector\u00a0<\/strong>\u2013 UFRO<\/li><li>Carlos Mu\u00f1oz,\u00a0<strong>Investigador\u00a0<\/strong>\u2013 UFRO<\/li><li>Andr\u00e9s Marconi,\u00a0<strong>Antrop\u00f3logo<\/strong>\u00a0&#8211; UCH<\/li><li>Felipe Ot\u00e1rola,\u00a0<strong>Ingeniero electr\u00f3nico<\/strong>\u00a0&#8211; UCH &amp; UFRO<\/li><li>Diego Pinilla,\u00a0<strong>Ingeniero electr\u00f3nico<\/strong>\u00a0&#8211; UCH &amp; UFRO<\/li><li>Henry Huentenao,\u00a0<span style=\"font-weight: bolder;\">Ingeniero electr\u00f3nico<\/span>\u00a0\u2013 UFRO<\/li><li><span style=\"font-weight: 400;\">Alvaro Manr\u00edquez, <\/span><span style=\"font-weight: 400;\">\u00a0<strong>Ingeniero el\u00e9ctrico<\/strong>\u2013 UCH<\/span><\/li><li>Tiara Ram\u00edrez, <strong>Estudiante Ing. Electr\u00f3nica<\/strong>\u00a0\u2013 UFRO<\/li><li>Valentina C\u00e1ceres,\u00a0<strong>Estudiante Ing. Electr\u00f3nica<\/strong>\u00a0\u2013 UFRO<\/li><li>Juan Pablo B\u00e1ez,\u00a0<strong>Estudiante Ing. El\u00e9ctrica<\/strong>\u00a0\u2013 UCH<\/li><li>Camila Palma,\u00a0<strong>Estudiante Mag. Ing. El\u00e9ctrica<\/strong>\u00a0&#8211; UCH<\/li><li>Glenda Catal\u00e1n, <strong>Dise\u00f1adora Digital &#8211;\u00a0 <\/strong>UFRO<\/li><li>Kvyen Candia, <strong>Estudiante Ped. Cs, menci\u00f3n f\u00edsica<\/strong> &#8211; UFRO<\/li><\/ul>\t\t\t\t\t\t\t\t<\/div>\n\t\t\t\t<\/div>\n\t\t\t\t<\/div>\n\t\t\t\t\t<\/div>\n\t\t\t\t<\/div>\n\t\t<div class=\"elementor-element elementor-element-0cba047 e-flex e-con-boxed wpr-particle-no wpr-jarallax-no wpr-parallax-no wpr-sticky-section-no e-con e-parent\" data-id=\"0cba047\" data-element_type=\"container\" data-settings=\"{&quot;_ha_eqh_enable&quot;:false}\">\n\t\t\t\t\t<div class=\"e-con-inner\">\n\t\t\t\t<div class=\"elementor-element elementor-element-c06da6b elementor-widget elementor-widget-heading\" data-id=\"c06da6b\" data-element_type=\"widget\" data-widget_type=\"heading.default\">\n\t\t\t\t<div class=\"elementor-widget-container\">\n\t\t\t\t\t<h2 class=\"elementor-heading-title elementor-size-default\">Viviendo el proyecto<\/h2>\t\t\t\t<\/div>\n\t\t\t\t<\/div>\n\t\t\t\t<div class=\"elementor-element elementor-element-40f632a elementor-widget elementor-widget-text-editor\" data-id=\"40f632a\" data-element_type=\"widget\" data-widget_type=\"text-editor.default\">\n\t\t\t\t<div class=\"elementor-widget-container\">\n\t\t\t\t\t\t\t\t\t<p>\u00a1Descubre c\u00f3mo trabajamos junto a las comunidades y conoce m\u00e1s de nuestro proceso en terreno!<\/p>\t\t\t\t\t\t\t\t<\/div>\n\t\t\t\t<\/div>\n\t\t\t\t\t<\/div>\n\t\t\t\t<\/div>\n\t\t<div class=\"elementor-element elementor-element-dcb8b1b e-flex e-con-boxed wpr-particle-no wpr-jarallax-no wpr-parallax-no wpr-sticky-section-no e-con e-parent\" data-id=\"dcb8b1b\" data-element_type=\"container\" data-settings=\"{&quot;_ha_eqh_enable&quot;:false}\">\n\t\t\t\t\t<div class=\"e-con-inner\">\n\t\t\t\t<div class=\"elementor-element elementor-element-00146b5 elementor-widget elementor-widget-ha-carousel happy-addon ha-carousel\" data-id=\"00146b5\" data-element_type=\"widget\" data-settings=\"{&quot;slides_to_show&quot;:&quot;3&quot;,&quot;animation_speed&quot;:300,&quot;autoplay&quot;:&quot;yes&quot;,&quot;autoplay_speed&quot;:3000,&quot;loop&quot;:&quot;yes&quot;,&quot;navigation&quot;:&quot;arrow&quot;,&quot;slides_to_show_tablet&quot;:3,&quot;slides_to_show_mobile&quot;:2}\" data-widget_type=\"ha-carousel.default\">\n\t\t\t\t<div class=\"elementor-widget-container\">\n\t\t\t\t\t\n\t\t<div data-ha_rcc_uid=\"\" class=\"hajs-slick ha-slick ha-slick--carousel\">\n\n\t\t\t\n\t\t\t\t<div class=\"ha-slick-slide slick-slide\">\n\t\t\t\t\t<div class=\"ha-slick-item\">\n\t\t\t\t\t\t\t\t\t\t\t\t\t<img decoding=\"async\" class=\"ha-slick-img\" src=\"https:\/\/www.cec.uchile.cl\/~die.kimeltuweloftech\/wp-content\/uploads\/2025\/03\/DSC_0786-768x576.jpg\" alt=\"\">\n\t\t\t\t\t\t\n\t\t\t\t\t\t\t\t\t\t\t<\/div>\n\t\t\t\t<\/div>\n\n\t\t\t\n\t\t\t\t<div class=\"ha-slick-slide slick-slide\">\n\t\t\t\t\t<div class=\"ha-slick-item\">\n\t\t\t\t\t\t\t\t\t\t\t\t\t<img decoding=\"async\" class=\"ha-slick-img\" src=\"https:\/\/www.cec.uchile.cl\/~die.kimeltuweloftech\/wp-content\/uploads\/2025\/03\/DSC_0774-768x576.jpg\" alt=\"\">\n\t\t\t\t\t\t\n\t\t\t\t\t\t\t\t\t\t\t<\/div>\n\t\t\t\t<\/div>\n\n\t\t\t\n\t\t\t\t<div class=\"ha-slick-slide slick-slide\">\n\t\t\t\t\t<div class=\"ha-slick-item\">\n\t\t\t\t\t\t\t\t\t\t\t\t\t<img decoding=\"async\" class=\"ha-slick-img\" src=\"https:\/\/www.cec.uchile.cl\/~die.kimeltuweloftech\/wp-content\/uploads\/2025\/03\/DSC_0762-768x576.jpg\" alt=\"\">\n\t\t\t\t\t\t\n\t\t\t\t\t\t\t\t\t\t\t<\/div>\n\t\t\t\t<\/div>\n\n\t\t\t\n\t\t<\/div>\n\n\t\t\t\t\t<button type=\"button\" class=\"slick-prev\"><svg aria-hidden=\"true\" class=\"e-font-icon-svg e-fas-chevron-left\" viewBox=\"0 0 320 512\" xmlns=\"http:\/\/www.w3.org\/2000\/svg\"><path d=\"M34.52 239.03L228.87 44.69c9.37-9.37 24.57-9.37 33.94 0l22.67 22.67c9.36 9.36 9.37 24.52.04 33.9L131.49 256l154.02 154.75c9.34 9.38 9.32 24.54-.04 33.9l-22.67 22.67c-9.37 9.37-24.57 9.37-33.94 0L34.52 272.97c-9.37-9.37-9.37-24.57 0-33.94z\"><\/path><\/svg><\/button>\n\t\t\n\t\t\t\t\t<button type=\"button\" class=\"slick-next\"><svg aria-hidden=\"true\" class=\"e-font-icon-svg e-fas-chevron-right\" viewBox=\"0 0 320 512\" xmlns=\"http:\/\/www.w3.org\/2000\/svg\"><path d=\"M285.476 272.971L91.132 467.314c-9.373 9.373-24.569 9.373-33.941 0l-22.667-22.667c-9.357-9.357-9.375-24.522-.04-33.901L188.505 256 34.484 101.255c-9.335-9.379-9.317-24.544.04-33.901l22.667-22.667c9.373-9.373 24.569-9.373 33.941 0L285.475 239.03c9.373 9.372 9.373 24.568.001 33.941z\"><\/path><\/svg><\/button>\n\t\t\n\t\t\t\t\t\t<\/div>\n\t\t\t\t<\/div>\n\t\t\t\t<div class=\"elementor-element elementor-element-ad5f72b elementor-widget elementor-widget-text-editor\" data-id=\"ad5f72b\" data-element_type=\"widget\" data-widget_type=\"text-editor.default\">\n\t\t\t\t<div class=\"elementor-widget-container\">\n\t\t\t\t\t\t\t\t\t<p><strong>\u00bfQuieres ver m\u00e1s?<\/strong><br \/>Explora nuestra galer\u00eda completa y conoce cada paso de este proyecto colaborativo.<\/p>\t\t\t\t\t\t\t\t<\/div>\n\t\t\t\t<\/div>\n\t\t\t\t<div data-ha-element-link=\"{&quot;url&quot;:&quot;https:\\\/\\\/www.cec.uchile.cl\\\/~die.kimeltuweloftech\\\/galeria\\\/&quot;,&quot;is_external&quot;:&quot;&quot;,&quot;nofollow&quot;:&quot;&quot;}\" style=\"cursor: pointer\" class=\"elementor-element elementor-element-07d4256 elementor-align-center elementor-widget elementor-widget-button\" data-id=\"07d4256\" data-element_type=\"widget\" data-widget_type=\"button.default\">\n\t\t\t\t<div class=\"elementor-widget-container\">\n\t\t\t\t\t\t\t\t\t<div class=\"elementor-button-wrapper\">\n\t\t\t\t\t<a class=\"elementor-button elementor-button-link elementor-size-sm\" href=\"#\">\n\t\t\t\t\t\t<span class=\"elementor-button-content-wrapper\">\n\t\t\t\t\t\t\t\t\t<span class=\"elementor-button-text\">Ver galer\u00eda completa<\/span>\n\t\t\t\t\t<\/span>\n\t\t\t\t\t<\/a>\n\t\t\t\t<\/div>\n\t\t\t\t\t\t\t\t<\/div>\n\t\t\t\t<\/div>\n\t\t\t\t\t<\/div>\n\t\t\t\t<\/div>\n\t\t\t\t<\/div>\n\t\t","protected":false},"excerpt":{"rendered":"<p>Dise\u00f1o e implementaci\u00f3n de prototipo Tecnol\u00f3gico IoT\/Renovable con enfoque intercultural para escuelas rurales ind\u00edgenas \u00bfPor qu\u00e9 nace este proyecto? En Chile, la disparidad educativa entre zonas urbanas y rurales es evidente, especialmente en las escuelas que atienden a comunidades rurales ind\u00edgenas. La falta de recursos econ\u00f3micos y el aislamiento, permea las posibilidades de brindar una educaci\u00f3n de mejor calidad y oportunidades, as\u00ed como se ha visto retrasada la inclusi\u00f3n de los saberes ind\u00edgenas en los contenidos educativos, adem\u00e1s de considerar la integraci\u00f3n de su sabidur\u00eda en las competencias escolares necesarias a desarrollar.Este proyecto considera una metodolog\u00eda intercultural, como principio fundacional para el trabajo con las comunidades escolares ind\u00edgenas rurales. El desaf\u00edo cient\u00edfico es el desarrollo de un nuevo sistema de conocimientos para el trasvase e intercambio entre los saberes ind\u00edgenas de la comunidad educativa y las tecnolog\u00edas propuestas mayormente desde el mundo occidental, y as\u00ed lograr aplicaciones tecnol\u00f3gicas, basadas en Internet de las Cosas (IoT) y de energ\u00edas renovables, que sean pertinentes a los propios territorios y sus culturas. Leer m\u00e1s Objetivo Co-dise\u00f1ar, implementar y evaluar, mediante un enfoque intercultural, un prototipo tecnol\u00f3gico basado en tecnolog\u00edas IoT\/renovable con pertinencia cultural y territorial para escuelas rurales ind\u00edgenas que permita\u00a0 el desarrollo de soluciones que incorporen tanto los saberes locales como los de las ciencias e ingenier\u00edas. Equipo de trabajo actual Doris S\u00e1ez Hueichapan,\u00a0Directora\u00a0&#8211; UCH Juan Ignacio Huircan,\u00a0Subdirector\u00a0\u2013 UFRO Carlos Mu\u00f1oz,\u00a0Investigador\u00a0\u2013 UFRO Andr\u00e9s Marconi,\u00a0Antrop\u00f3logo\u00a0&#8211; UCH Felipe Ot\u00e1rola,\u00a0Ingeniero electr\u00f3nico\u00a0&#8211; UCH &amp; UFRO Diego Pinilla,\u00a0Ingeniero electr\u00f3nico\u00a0&#8211; UCH &amp; UFRO Henry Huentenao,\u00a0Ingeniero electr\u00f3nico\u00a0\u2013 UFRO Alvaro Manr\u00edquez, \u00a0Ingeniero el\u00e9ctrico\u2013 UCH Tiara Ram\u00edrez, Estudiante Ing. Electr\u00f3nica\u00a0\u2013 UFRO Valentina C\u00e1ceres,\u00a0Estudiante Ing. Electr\u00f3nica\u00a0\u2013 UFRO Juan Pablo B\u00e1ez,\u00a0Estudiante Ing. El\u00e9ctrica\u00a0\u2013 UCH Camila Palma,\u00a0Estudiante Mag. Ing. El\u00e9ctrica\u00a0&#8211; UCH Glenda Catal\u00e1n, Dise\u00f1adora Digital &#8211;\u00a0 UFRO Kvyen Candia, Estudiante Ped. Cs, menci\u00f3n f\u00edsica &#8211; UFRO Objetivo Co-dise\u00f1ar, implementar y evaluar, mediante un enfoque intercultural, un prototipo tecnol\u00f3gico basado en tecnolog\u00edas IoT\/renovable con pertinencia cultural y territorial para escuelas rurales ind\u00edgenas que permita\u00a0 el desarrollo de soluciones que incorporen tanto los saberes locales como los de las ciencias e ingenier\u00edas. Equipo de trabajo actual Doris S\u00e1ez Hueichapan,\u00a0Directora\u00a0&#8211; UCH Juan Ignacio Huircan,\u00a0Subdirector\u00a0\u2013 UFRO Carlos Mu\u00f1oz,\u00a0Investigador\u00a0\u2013 UFRO Andr\u00e9s Marconi,\u00a0Antrop\u00f3logo\u00a0&#8211; UCH Felipe Ot\u00e1rola,\u00a0Ingeniero electr\u00f3nico\u00a0&#8211; UCH &amp; UFRO Diego Pinilla,\u00a0Ingeniero electr\u00f3nico\u00a0&#8211; UCH &amp; UFRO Henry Huentenao,\u00a0Ingeniero electr\u00f3nico\u00a0\u2013 UFRO Alvaro Manr\u00edquez, \u00a0Ingeniero el\u00e9ctrico\u2013 UCH Tiara Ram\u00edrez, Estudiante Ing. Electr\u00f3nica\u00a0\u2013 UFRO Valentina C\u00e1ceres,\u00a0Estudiante Ing. Electr\u00f3nica\u00a0\u2013 UFRO Juan Pablo B\u00e1ez,\u00a0Estudiante Ing. El\u00e9ctrica\u00a0\u2013 UCH Camila Palma,\u00a0Estudiante Mag. Ing. El\u00e9ctrica\u00a0&#8211; UCH Glenda Catal\u00e1n, Dise\u00f1adora Digital &#8211;\u00a0 UFRO Kvyen Candia, Estudiante Ped. Cs, menci\u00f3n f\u00edsica &#8211; UFRO Viviendo el proyecto \u00a1Descubre c\u00f3mo trabajamos junto a las comunidades y conoce m\u00e1s de nuestro proceso en terreno! \u00bfQuieres ver m\u00e1s?Explora nuestra galer\u00eda completa y conoce cada paso de este proyecto colaborativo. Ver galer\u00eda completa<\/p>\n","protected":false},"author":2,"featured_media":0,"parent":0,"menu_order":0,"comment_status":"closed","ping_status":"closed","template":"","meta":{"footnotes":""},"class_list":["post-375","page","type-page","status-publish","hentry"],"_links":{"self":[{"href":"https:\/\/www.cec.uchile.cl\/~die.kimeltuweloftech\/wp-json\/wp\/v2\/pages\/375","targetHints":{"allow":["GET"]}}],"collection":[{"href":"https:\/\/www.cec.uchile.cl\/~die.kimeltuweloftech\/wp-json\/wp\/v2\/pages"}],"about":[{"href":"https:\/\/www.cec.uchile.cl\/~die.kimeltuweloftech\/wp-json\/wp\/v2\/types\/page"}],"author":[{"embeddable":true,"href":"https:\/\/www.cec.uchile.cl\/~die.kimeltuweloftech\/wp-json\/wp\/v2\/users\/2"}],"replies":[{"embeddable":true,"href":"https:\/\/www.cec.uchile.cl\/~die.kimeltuweloftech\/wp-json\/wp\/v2\/comments?post=375"}],"version-history":[{"count":142,"href":"https:\/\/www.cec.uchile.cl\/~die.kimeltuweloftech\/wp-json\/wp\/v2\/pages\/375\/revisions"}],"predecessor-version":[{"id":3459,"href":"https:\/\/www.cec.uchile.cl\/~die.kimeltuweloftech\/wp-json\/wp\/v2\/pages\/375\/revisions\/3459"}],"wp:attachment":[{"href":"https:\/\/www.cec.uchile.cl\/~die.kimeltuweloftech\/wp-json\/wp\/v2\/media?parent=375"}],"curies":[{"name":"wp","href":"https:\/\/api.w.org\/{rel}","templated":true}]}}