{"id":1224,"date":"2025-03-16T03:26:56","date_gmt":"2025-03-16T03:26:56","guid":{"rendered":"https:\/\/www.cec.uchile.cl\/~die.kimeltuweloftech\/?page_id=1224"},"modified":"2025-04-29T04:04:34","modified_gmt":"2025-04-29T04:04:34","slug":"avances-del-proyecto","status":"publish","type":"page","link":"https:\/\/www.cec.uchile.cl\/~die.kimeltuweloftech\/avances-del-proyecto\/","title":{"rendered":"Avances del proyecto"},"content":{"rendered":"\t\t<div data-elementor-type=\"wp-page\" data-elementor-id=\"1224\" class=\"elementor elementor-1224\" data-elementor-settings=\"{&quot;ha_cmc_init_switcher&quot;:&quot;no&quot;}\">\n\t\t\t\t<div class=\"elementor-element elementor-element-8b40284 e-flex e-con-boxed wpr-particle-no wpr-jarallax-no wpr-parallax-no wpr-sticky-section-no e-con e-parent\" data-id=\"8b40284\" data-element_type=\"container\" data-settings=\"{&quot;_ha_eqh_enable&quot;:false}\">\n\t\t\t\t\t<div class=\"e-con-inner\">\n\t\t\t\t<div class=\"elementor-element elementor-element-5b1e756 elementor-widget elementor-widget-heading\" data-id=\"5b1e756\" data-element_type=\"widget\" data-widget_type=\"heading.default\">\n\t\t\t\t<div class=\"elementor-widget-container\">\n\t\t\t\t\t<h2 class=\"elementor-heading-title elementor-size-default\">Avances del proyecto<\/h2>\t\t\t\t<\/div>\n\t\t\t\t<\/div>\n\t\t\t\t\t<\/div>\n\t\t\t\t<\/div>\n\t\t<div class=\"elementor-element elementor-element-196b6bc elementor-hidden-tablet elementor-hidden-mobile e-flex e-con-boxed wpr-particle-no wpr-jarallax-no wpr-parallax-no wpr-sticky-section-no e-con e-parent\" data-id=\"196b6bc\" data-element_type=\"container\" data-settings=\"{&quot;_ha_eqh_enable&quot;:false}\">\n\t\t\t\t\t<div class=\"e-con-inner\">\n\t\t<div class=\"elementor-element elementor-element-814cc40 e-con-full e-flex wpr-particle-no wpr-jarallax-no wpr-parallax-no wpr-sticky-section-no e-con e-child\" data-id=\"814cc40\" data-element_type=\"container\" data-settings=\"{&quot;_ha_eqh_enable&quot;:false}\">\n\t\t<div class=\"elementor-element elementor-element-7d4b00f e-con-full e-flex wpr-particle-no wpr-jarallax-no wpr-parallax-no wpr-sticky-section-no e-con e-child\" data-id=\"7d4b00f\" data-element_type=\"container\" data-settings=\"{&quot;_ha_eqh_enable&quot;:false}\">\n\t\t\t\t<div class=\"elementor-element elementor-element-6960b52 elementor-widget elementor-widget-image\" data-id=\"6960b52\" data-element_type=\"widget\" data-widget_type=\"image.default\">\n\t\t\t\t<div class=\"elementor-widget-container\">\n\t\t\t\t\t\t\t\t\t\t\t\t\t\t\t<img decoding=\"async\" src=\"https:\/\/www.cec.uchile.cl\/~die.kimeltuweloftech\/wp-content\/uploads\/elementor\/thumbs\/Conexion-Paneles-solares-principales-qvbmnnfmlxoic50df8m6lqokk9p37yuacu49uszz3k.jpeg\" title=\"Conexi\u00f3n Paneles solares principales\" alt=\"Conexi\u00f3n Paneles solares principales\" loading=\"lazy\" \/>\t\t\t\t\t\t\t\t\t\t\t\t\t\t\t<\/div>\n\t\t\t\t<\/div>\n\t\t\t\t<\/div>\n\t\t<div class=\"elementor-element elementor-element-434e6aa e-con-full e-flex wpr-particle-no wpr-jarallax-no wpr-parallax-no wpr-sticky-section-no e-con e-child\" data-id=\"434e6aa\" data-element_type=\"container\" data-settings=\"{&quot;_ha_eqh_enable&quot;:false}\">\n\t\t\t\t<div class=\"elementor-element elementor-element-efea7d8 elementor-widget elementor-widget-heading\" data-id=\"efea7d8\" data-element_type=\"widget\" data-widget_type=\"heading.default\">\n\t\t\t\t<div class=\"elementor-widget-container\">\n\t\t\t\t\t<h2 class=\"elementor-heading-title elementor-size-default\">Dise\u00f1o e implementaci\u00f3n de prototipo Tecnol\u00f3gico IoT\/Renovable con enfoque intercultural para escuelas rurales ind\u00edgenas (en curso)<\/h2>\t\t\t\t<\/div>\n\t\t\t\t<\/div>\n\t\t\t\t<div class=\"elementor-element elementor-element-7eea7fa elementor-widget elementor-widget-text-editor\" data-id=\"7eea7fa\" data-element_type=\"widget\" data-widget_type=\"text-editor.default\">\n\t\t\t\t<div class=\"elementor-widget-container\">\n\t\t\t\t\t\t\t\t\t<p>En este proyecto se busca desarrollar competencias tecnol\u00f3gicas en ni\u00f1as y ni\u00f1os para dise\u00f1ar un producto tecnol\u00f3gico de internet de las cosas y de energ\u00edas renovables, que incorpore los saberes tradicionales de la cultura mapuche y las necesidades del territorio en que la escuela est\u00e1 instalada.<\/p>\t\t\t\t\t\t\t\t<\/div>\n\t\t\t\t<\/div>\n\t\t\t\t<div data-ha-element-link=\"{&quot;url&quot;:&quot;https:\\\/\\\/www.cec.uchile.cl\\\/~die.kimeltuweloftech\\\/proyecto_2024_BajoYupehue\\\/&quot;,&quot;is_external&quot;:&quot;&quot;,&quot;nofollow&quot;:&quot;&quot;}\" style=\"cursor: pointer\" class=\"elementor-element elementor-element-d249208 elementor-widget elementor-widget-button\" data-id=\"d249208\" data-element_type=\"widget\" data-widget_type=\"button.default\">\n\t\t\t\t<div class=\"elementor-widget-container\">\n\t\t\t\t\t\t\t\t\t<div class=\"elementor-button-wrapper\">\n\t\t\t\t\t<a class=\"elementor-button elementor-button-link elementor-size-sm\" href=\"#\">\n\t\t\t\t\t\t<span class=\"elementor-button-content-wrapper\">\n\t\t\t\t\t\t\t\t\t<span class=\"elementor-button-text\">Leer m\u00e1s<\/span>\n\t\t\t\t\t<\/span>\n\t\t\t\t\t<\/a>\n\t\t\t\t<\/div>\n\t\t\t\t\t\t\t\t<\/div>\n\t\t\t\t<\/div>\n\t\t\t\t<\/div>\n\t\t\t\t<\/div>\n\t\t\t\t\t<\/div>\n\t\t\t\t<\/div>\n\t\t<div class=\"elementor-element elementor-element-ee234af elementor-hidden-tablet elementor-hidden-mobile e-flex e-con-boxed wpr-particle-no wpr-jarallax-no wpr-parallax-no wpr-sticky-section-no e-con e-parent\" data-id=\"ee234af\" data-element_type=\"container\" data-settings=\"{&quot;_ha_eqh_enable&quot;:false}\">\n\t\t\t\t\t<div class=\"e-con-inner\">\n\t\t<div class=\"elementor-element elementor-element-0998e27 e-con-full e-flex wpr-particle-no wpr-jarallax-no wpr-parallax-no wpr-sticky-section-no e-con e-child\" data-id=\"0998e27\" data-element_type=\"container\" data-settings=\"{&quot;_ha_eqh_enable&quot;:false}\">\n\t\t<div class=\"elementor-element elementor-element-0a6cdd2 e-con-full e-flex wpr-particle-no wpr-jarallax-no wpr-parallax-no wpr-sticky-section-no e-con e-child\" data-id=\"0a6cdd2\" data-element_type=\"container\" data-settings=\"{&quot;_ha_eqh_enable&quot;:false}\">\n\t\t\t\t<div class=\"elementor-element elementor-element-84693b0 elementor-widget elementor-widget-heading\" data-id=\"84693b0\" data-element_type=\"widget\" data-widget_type=\"heading.default\">\n\t\t\t\t<div class=\"elementor-widget-container\">\n\t\t\t\t\t<h2 class=\"elementor-heading-title elementor-size-default\">Sistema tecnol\u00f3gico de cultivos basado en IoT y energ\u00eda renovable para escuelas rurales ind\u00edgenas (2022)<\/h2>\t\t\t\t<\/div>\n\t\t\t\t<\/div>\n\t\t\t\t<div class=\"elementor-element elementor-element-6f527dc elementor-widget elementor-widget-text-editor\" data-id=\"6f527dc\" data-element_type=\"widget\" data-widget_type=\"text-editor.default\">\n\t\t\t\t<div class=\"elementor-widget-container\">\n\t\t\t\t\t\t\t\t\t<p>Se desarroll\u00f3 un sistema tecnol\u00f3gico de cultivos basado en Tecnolog\u00edas de Internet de las Cosas (IoT), considerando un abastecimiento energ\u00e9tico con fuentes renovables, y dise\u00f1ado como una plataforma educativa para la escuela Bajo Yupehue.<\/p>\t\t\t\t\t\t\t\t<\/div>\n\t\t\t\t<\/div>\n\t\t\t\t<div data-ha-element-link=\"{&quot;url&quot;:&quot;https:\\\/\\\/www.cec.uchile.cl\\\/~die.kimeltuweloftech\\\/sistema-tecnologico-2022\\\/&quot;,&quot;is_external&quot;:&quot;&quot;,&quot;nofollow&quot;:&quot;&quot;}\" style=\"cursor: pointer\" class=\"elementor-element elementor-element-5b68f76 elementor-widget elementor-widget-button\" data-id=\"5b68f76\" data-element_type=\"widget\" data-widget_type=\"button.default\">\n\t\t\t\t<div class=\"elementor-widget-container\">\n\t\t\t\t\t\t\t\t\t<div class=\"elementor-button-wrapper\">\n\t\t\t\t\t<a class=\"elementor-button elementor-button-link elementor-size-sm\" href=\"#\">\n\t\t\t\t\t\t<span class=\"elementor-button-content-wrapper\">\n\t\t\t\t\t\t\t\t\t<span class=\"elementor-button-text\">Leer m\u00e1s<\/span>\n\t\t\t\t\t<\/span>\n\t\t\t\t\t<\/a>\n\t\t\t\t<\/div>\n\t\t\t\t\t\t\t\t<\/div>\n\t\t\t\t<\/div>\n\t\t\t\t<\/div>\n\t\t<div class=\"elementor-element elementor-element-5586fcc e-con-full e-flex wpr-particle-no wpr-jarallax-no wpr-parallax-no wpr-sticky-section-no e-con e-child\" data-id=\"5586fcc\" data-element_type=\"container\" data-settings=\"{&quot;_ha_eqh_enable&quot;:false}\">\n\t\t\t\t<div class=\"elementor-element elementor-element-b5dacb7 elementor-widget elementor-widget-image\" data-id=\"b5dacb7\" data-element_type=\"widget\" data-widget_type=\"image.default\">\n\t\t\t\t<div class=\"elementor-widget-container\">\n\t\t\t\t\t\t\t\t\t\t\t\t\t\t\t<img fetchpriority=\"high\" decoding=\"async\" width=\"743\" height=\"578\" src=\"https:\/\/www.cec.uchile.cl\/~die.kimeltuweloftech\/wp-content\/uploads\/2024\/10\/Captura-de-pantalla-2024-10-15-031113.png\" class=\"attachment-large size-large wp-image-208\" alt=\"\" srcset=\"https:\/\/www.cec.uchile.cl\/~die.kimeltuweloftech\/wp-content\/uploads\/2024\/10\/Captura-de-pantalla-2024-10-15-031113.png 743w, https:\/\/www.cec.uchile.cl\/~die.kimeltuweloftech\/wp-content\/uploads\/2024\/10\/Captura-de-pantalla-2024-10-15-031113-300x233.png 300w\" sizes=\"(max-width: 743px) 100vw, 743px\" \/>\t\t\t\t\t\t\t\t\t\t\t\t\t\t\t<\/div>\n\t\t\t\t<\/div>\n\t\t\t\t<\/div>\n\t\t\t\t<\/div>\n\t\t\t\t\t<\/div>\n\t\t\t\t<\/div>\n\t\t<div class=\"elementor-element elementor-element-aa06d89 elementor-hidden-desktop e-flex e-con-boxed wpr-particle-no wpr-jarallax-no wpr-parallax-no wpr-sticky-section-no e-con e-parent\" data-id=\"aa06d89\" data-element_type=\"container\" data-settings=\"{&quot;_ha_eqh_enable&quot;:false}\">\n\t\t\t\t\t<div class=\"e-con-inner\">\n\t\t\t\t<div class=\"elementor-element elementor-element-d710669 elementor-widget elementor-widget-heading\" data-id=\"d710669\" data-element_type=\"widget\" data-widget_type=\"heading.default\">\n\t\t\t\t<div class=\"elementor-widget-container\">\n\t\t\t\t\t<h2 class=\"elementor-heading-title elementor-size-default\">Dise\u00f1o e implementaci\u00f3n de prototipo Tecnol\u00f3gico IoT\/Renovable con enfoque intercultural para escuelas rurales ind\u00edgenas (en curso)<\/h2>\t\t\t\t<\/div>\n\t\t\t\t<\/div>\n\t\t\t\t<div class=\"elementor-element elementor-element-65ae474 elementor-widget elementor-widget-image\" data-id=\"65ae474\" data-element_type=\"widget\" data-widget_type=\"image.default\">\n\t\t\t\t<div class=\"elementor-widget-container\">\n\t\t\t\t\t\t\t\t\t\t\t\t\t\t\t<img decoding=\"async\" src=\"https:\/\/www.cec.uchile.cl\/~die.kimeltuweloftech\/wp-content\/uploads\/elementor\/thumbs\/Conexion-Paneles-solares-principales-qvbmnnfmlxoic50df8m6lqokk9p37yuacu49uszz3k.jpeg\" title=\"Conexi\u00f3n Paneles solares principales\" alt=\"Conexi\u00f3n Paneles solares principales\" loading=\"lazy\" \/>\t\t\t\t\t\t\t\t\t\t\t\t\t\t\t<\/div>\n\t\t\t\t<\/div>\n\t\t\t\t<div class=\"elementor-element elementor-element-77d9720 elementor-widget elementor-widget-text-editor\" data-id=\"77d9720\" data-element_type=\"widget\" data-widget_type=\"text-editor.default\">\n\t\t\t\t<div class=\"elementor-widget-container\">\n\t\t\t\t\t\t\t\t\t<p>En este proyecto se busca desarrollar competencias tecnol\u00f3gicas en ni\u00f1as y ni\u00f1os para dise\u00f1ar un producto tecnol\u00f3gico de internet de las cosas y de energ\u00edas renovables, que incorpore los saberes tradicionales de la cultura mapuche y las necesidades del territorio en que la escuela est\u00e1 instalada.<\/p>\t\t\t\t\t\t\t\t<\/div>\n\t\t\t\t<\/div>\n\t\t\t\t<div data-ha-element-link=\"{&quot;url&quot;:&quot;https:\\\/\\\/www.cec.uchile.cl\\\/~die.kimeltuweloftech\\\/proyecto_2024_BajoYupehue\\\/&quot;,&quot;is_external&quot;:&quot;&quot;,&quot;nofollow&quot;:&quot;&quot;}\" style=\"cursor: pointer\" class=\"elementor-element elementor-element-da83c4c elementor-tablet-align-center elementor-widget elementor-widget-button\" data-id=\"da83c4c\" data-element_type=\"widget\" data-widget_type=\"button.default\">\n\t\t\t\t<div class=\"elementor-widget-container\">\n\t\t\t\t\t\t\t\t\t<div class=\"elementor-button-wrapper\">\n\t\t\t\t\t<a class=\"elementor-button elementor-button-link elementor-size-sm\" href=\"#\">\n\t\t\t\t\t\t<span class=\"elementor-button-content-wrapper\">\n\t\t\t\t\t\t\t\t\t<span class=\"elementor-button-text\">Leer m\u00e1s<\/span>\n\t\t\t\t\t<\/span>\n\t\t\t\t\t<\/a>\n\t\t\t\t<\/div>\n\t\t\t\t\t\t\t\t<\/div>\n\t\t\t\t<\/div>\n\t\t\t\t<div class=\"elementor-element elementor-element-7f4f77a elementor-widget elementor-widget-heading\" data-id=\"7f4f77a\" data-element_type=\"widget\" data-widget_type=\"heading.default\">\n\t\t\t\t<div class=\"elementor-widget-container\">\n\t\t\t\t\t<h2 class=\"elementor-heading-title elementor-size-default\">Sistema tecnol\u00f3gico de cultivos basado en IoT y energ\u00eda renovable para escuelas rurales ind\u00edgenas (2022)<\/h2>\t\t\t\t<\/div>\n\t\t\t\t<\/div>\n\t\t\t\t<div class=\"elementor-element elementor-element-330ebfb elementor-widget elementor-widget-image\" data-id=\"330ebfb\" data-element_type=\"widget\" data-widget_type=\"image.default\">\n\t\t\t\t<div class=\"elementor-widget-container\">\n\t\t\t\t\t\t\t\t\t\t\t\t\t\t\t<img fetchpriority=\"high\" decoding=\"async\" width=\"743\" height=\"578\" src=\"https:\/\/www.cec.uchile.cl\/~die.kimeltuweloftech\/wp-content\/uploads\/2024\/10\/Captura-de-pantalla-2024-10-15-031113.png\" class=\"attachment-large size-large wp-image-208\" alt=\"\" srcset=\"https:\/\/www.cec.uchile.cl\/~die.kimeltuweloftech\/wp-content\/uploads\/2024\/10\/Captura-de-pantalla-2024-10-15-031113.png 743w, https:\/\/www.cec.uchile.cl\/~die.kimeltuweloftech\/wp-content\/uploads\/2024\/10\/Captura-de-pantalla-2024-10-15-031113-300x233.png 300w\" sizes=\"(max-width: 743px) 100vw, 743px\" \/>\t\t\t\t\t\t\t\t\t\t\t\t\t\t\t<\/div>\n\t\t\t\t<\/div>\n\t\t\t\t<div class=\"elementor-element elementor-element-92123b5 elementor-widget elementor-widget-text-editor\" data-id=\"92123b5\" data-element_type=\"widget\" data-widget_type=\"text-editor.default\">\n\t\t\t\t<div class=\"elementor-widget-container\">\n\t\t\t\t\t\t\t\t\t<p>Se desarroll\u00f3 un sistema tecnol\u00f3gico de cultivos basado en Tecnolog\u00edas de Internet de las Cosas (IoT), considerando un abastecimiento energ\u00e9tico con fuentes renovables, y dise\u00f1ado como una plataforma educativa para la escuela Bajo Yupehue.<\/p>\t\t\t\t\t\t\t\t<\/div>\n\t\t\t\t<\/div>\n\t\t\t\t<div data-ha-element-link=\"{&quot;url&quot;:&quot;https:\\\/\\\/www.cec.uchile.cl\\\/~die.kimeltuweloftech\\\/sistema-tecnologico-2022\\\/&quot;,&quot;is_external&quot;:&quot;&quot;,&quot;nofollow&quot;:&quot;&quot;}\" style=\"cursor: pointer\" class=\"elementor-element elementor-element-d957fe9 elementor-tablet-align-center elementor-widget elementor-widget-button\" data-id=\"d957fe9\" data-element_type=\"widget\" data-widget_type=\"button.default\">\n\t\t\t\t<div class=\"elementor-widget-container\">\n\t\t\t\t\t\t\t\t\t<div class=\"elementor-button-wrapper\">\n\t\t\t\t\t<a class=\"elementor-button elementor-button-link elementor-size-sm\" href=\"#\">\n\t\t\t\t\t\t<span class=\"elementor-button-content-wrapper\">\n\t\t\t\t\t\t\t\t\t<span class=\"elementor-button-text\">Leer m\u00e1s<\/span>\n\t\t\t\t\t<\/span>\n\t\t\t\t\t<\/a>\n\t\t\t\t<\/div>\n\t\t\t\t\t\t\t\t<\/div>\n\t\t\t\t<\/div>\n\t\t\t\t\t<\/div>\n\t\t\t\t<\/div>\n\t\t\t\t<\/div>\n\t\t","protected":false},"excerpt":{"rendered":"<p>Avances del proyecto Dise\u00f1o e implementaci\u00f3n de prototipo Tecnol\u00f3gico IoT\/Renovable con enfoque intercultural para escuelas rurales ind\u00edgenas (en curso) En este proyecto se busca desarrollar competencias tecnol\u00f3gicas en ni\u00f1as y ni\u00f1os para dise\u00f1ar un producto tecnol\u00f3gico de internet de las cosas y de energ\u00edas renovables, que incorpore los saberes tradicionales de la cultura mapuche y las necesidades del territorio en que la escuela est\u00e1 instalada. Leer m\u00e1s Sistema tecnol\u00f3gico de cultivos basado en IoT y energ\u00eda renovable para escuelas rurales ind\u00edgenas (2022) Se desarroll\u00f3 un sistema tecnol\u00f3gico de cultivos basado en Tecnolog\u00edas de Internet de las Cosas (IoT), considerando un abastecimiento energ\u00e9tico con fuentes renovables, y dise\u00f1ado como una plataforma educativa para la escuela Bajo Yupehue. Leer m\u00e1s Dise\u00f1o e implementaci\u00f3n de prototipo Tecnol\u00f3gico IoT\/Renovable con enfoque intercultural para escuelas rurales ind\u00edgenas (en curso) En este proyecto se busca desarrollar competencias tecnol\u00f3gicas en ni\u00f1as y ni\u00f1os para dise\u00f1ar un producto tecnol\u00f3gico de internet de las cosas y de energ\u00edas renovables, que incorpore los saberes tradicionales de la cultura mapuche y las necesidades del territorio en que la escuela est\u00e1 instalada. Leer m\u00e1s Sistema tecnol\u00f3gico de cultivos basado en IoT y energ\u00eda renovable para escuelas rurales ind\u00edgenas (2022) Se desarroll\u00f3 un sistema tecnol\u00f3gico de cultivos basado en Tecnolog\u00edas de Internet de las Cosas (IoT), considerando un abastecimiento energ\u00e9tico con fuentes renovables, y dise\u00f1ado como una plataforma educativa para la escuela Bajo Yupehue. Leer m\u00e1s<\/p>\n","protected":false},"author":2,"featured_media":0,"parent":0,"menu_order":0,"comment_status":"closed","ping_status":"closed","template":"","meta":{"footnotes":""},"class_list":["post-1224","page","type-page","status-publish","hentry"],"_links":{"self":[{"href":"https:\/\/www.cec.uchile.cl\/~die.kimeltuweloftech\/wp-json\/wp\/v2\/pages\/1224","targetHints":{"allow":["GET"]}}],"collection":[{"href":"https:\/\/www.cec.uchile.cl\/~die.kimeltuweloftech\/wp-json\/wp\/v2\/pages"}],"about":[{"href":"https:\/\/www.cec.uchile.cl\/~die.kimeltuweloftech\/wp-json\/wp\/v2\/types\/page"}],"author":[{"embeddable":true,"href":"https:\/\/www.cec.uchile.cl\/~die.kimeltuweloftech\/wp-json\/wp\/v2\/users\/2"}],"replies":[{"embeddable":true,"href":"https:\/\/www.cec.uchile.cl\/~die.kimeltuweloftech\/wp-json\/wp\/v2\/comments?post=1224"}],"version-history":[{"count":28,"href":"https:\/\/www.cec.uchile.cl\/~die.kimeltuweloftech\/wp-json\/wp\/v2\/pages\/1224\/revisions"}],"predecessor-version":[{"id":2681,"href":"https:\/\/www.cec.uchile.cl\/~die.kimeltuweloftech\/wp-json\/wp\/v2\/pages\/1224\/revisions\/2681"}],"wp:attachment":[{"href":"https:\/\/www.cec.uchile.cl\/~die.kimeltuweloftech\/wp-json\/wp\/v2\/media?parent=1224"}],"curies":[{"name":"wp","href":"https:\/\/api.w.org\/{rel}","templated":true}]}}