{"id":1209,"date":"2025-03-16T03:23:20","date_gmt":"2025-03-16T03:23:20","guid":{"rendered":"https:\/\/www.cec.uchile.cl\/~die.kimeltuweloftech\/?page_id=1209"},"modified":"2025-04-29T03:54:55","modified_gmt":"2025-04-29T03:54:55","slug":"escuela-boyeco","status":"publish","type":"page","link":"https:\/\/www.cec.uchile.cl\/~die.kimeltuweloftech\/escuela-boyeco\/","title":{"rendered":"Escuela Boyeco"},"content":{"rendered":"\t\t<div data-elementor-type=\"wp-page\" data-elementor-id=\"1209\" class=\"elementor elementor-1209\" data-elementor-settings=\"{&quot;ha_cmc_init_switcher&quot;:&quot;no&quot;}\">\n\t\t\t\t<div class=\"elementor-element elementor-element-35d8717 e-flex e-con-boxed wpr-particle-no wpr-jarallax-no wpr-parallax-no wpr-sticky-section-no e-con e-parent\" data-id=\"35d8717\" data-element_type=\"container\" data-settings=\"{&quot;_ha_eqh_enable&quot;:false}\">\n\t\t\t\t\t<div class=\"e-con-inner\">\n\t\t\t\t<div class=\"elementor-element elementor-element-b802159 elementor-widget elementor-widget-heading\" data-id=\"b802159\" data-element_type=\"widget\" data-widget_type=\"heading.default\">\n\t\t\t\t<div class=\"elementor-widget-container\">\n\t\t\t\t\t<h2 class=\"elementor-heading-title elementor-size-default\">Escuela Boyeco<\/h2>\t\t\t\t<\/div>\n\t\t\t\t<\/div>\n\t\t\t\t\t<\/div>\n\t\t\t\t<\/div>\n\t\t<div class=\"elementor-element elementor-element-77aaf45 e-flex e-con-boxed wpr-particle-no wpr-jarallax-no wpr-parallax-no wpr-sticky-section-no e-con e-parent\" data-id=\"77aaf45\" data-element_type=\"container\" data-settings=\"{&quot;_ha_eqh_enable&quot;:false}\">\n\t\t\t\t\t<div class=\"e-con-inner\">\n\t\t<div class=\"elementor-element elementor-element-56cefaa e-con-full e-flex wpr-particle-no wpr-jarallax-no wpr-parallax-no wpr-sticky-section-no e-con e-child\" data-id=\"56cefaa\" data-element_type=\"container\" data-settings=\"{&quot;_ha_eqh_enable&quot;:false}\">\n\t\t\t\t<div class=\"elementor-element elementor-element-53f8d33 elementor-widget elementor-widget-image\" data-id=\"53f8d33\" data-element_type=\"widget\" data-widget_type=\"image.default\">\n\t\t\t\t<div class=\"elementor-widget-container\">\n\t\t\t\t\t\t\t\t\t\t\t\t\t\t\t<img fetchpriority=\"high\" decoding=\"async\" width=\"800\" height=\"600\" src=\"https:\/\/www.cec.uchile.cl\/~die.kimeltuweloftech\/wp-content\/uploads\/2025\/04\/IMG_20250417_090309428-1024x768.jpg\" class=\"attachment-large size-large wp-image-2221\" alt=\"\" srcset=\"https:\/\/www.cec.uchile.cl\/~die.kimeltuweloftech\/wp-content\/uploads\/2025\/04\/IMG_20250417_090309428-1024x768.jpg 1024w, https:\/\/www.cec.uchile.cl\/~die.kimeltuweloftech\/wp-content\/uploads\/2025\/04\/IMG_20250417_090309428-300x225.jpg 300w, https:\/\/www.cec.uchile.cl\/~die.kimeltuweloftech\/wp-content\/uploads\/2025\/04\/IMG_20250417_090309428-768x576.jpg 768w, https:\/\/www.cec.uchile.cl\/~die.kimeltuweloftech\/wp-content\/uploads\/2025\/04\/IMG_20250417_090309428-1536x1152.jpg 1536w, https:\/\/www.cec.uchile.cl\/~die.kimeltuweloftech\/wp-content\/uploads\/2025\/04\/IMG_20250417_090309428-2048x1536.jpg 2048w\" sizes=\"(max-width: 800px) 100vw, 800px\" \/>\t\t\t\t\t\t\t\t\t\t\t\t\t\t\t<\/div>\n\t\t\t\t<\/div>\n\t\t\t\t<\/div>\n\t\t<div class=\"elementor-element elementor-element-3e745fb e-con-full e-flex wpr-particle-no wpr-jarallax-no wpr-parallax-no wpr-sticky-section-no e-con e-child\" data-id=\"3e745fb\" data-element_type=\"container\" data-settings=\"{&quot;_ha_eqh_enable&quot;:false}\">\n\t\t\t\t<div class=\"elementor-element elementor-element-cca96eb elementor-widget elementor-widget-text-editor\" data-id=\"cca96eb\" data-element_type=\"widget\" data-widget_type=\"text-editor.default\">\n\t\t\t\t<div class=\"elementor-widget-container\">\n\t\t\t\t\t\t\t\t\t<p>La Escuela Municipal Boyeco pertenece al sistema educativo municipal y se enfoca en ofrecer una educaci\u00f3n intercultural que promueve el respeto y la preservaci\u00f3n de la cultura mapuche. Su objetivo principal es proporcionar una educaci\u00f3n integral de calidad, que incorpore la ense\u00f1anza del mapuzug\u00fan y contextualice los aprendizajes con pertinencia cultural y ling\u00fc\u00edstica, fomentando la identidad, los valores y los conocimientos de la cultura mapuche. Adem\u00e1s, la escuela busca fortalecer el v\u00ednculo con la comunidad mapuche, abriendo espacios de encuentro y desarrollo, y promoviendo la inclusi\u00f3n de las tradiciones y creencias de esta comunidad en el proceso educativo.<\/p>\t\t\t\t\t\t\t\t<\/div>\n\t\t\t\t<\/div>\n\t\t\t\t<\/div>\n\t\t\t\t\t<\/div>\n\t\t\t\t<\/div>\n\t\t<div class=\"elementor-element elementor-element-155345f e-flex e-con-boxed wpr-particle-no wpr-jarallax-no wpr-parallax-no wpr-sticky-section-no e-con e-parent\" data-id=\"155345f\" data-element_type=\"container\" data-settings=\"{&quot;_ha_eqh_enable&quot;:false}\">\n\t\t\t\t\t<div class=\"e-con-inner\">\n\t\t\t\t<div class=\"elementor-element elementor-element-81175fc elementor-widget elementor-widget-heading\" data-id=\"81175fc\" data-element_type=\"widget\" data-widget_type=\"heading.default\">\n\t\t\t\t<div class=\"elementor-widget-container\">\n\t\t\t\t\t<h2 class=\"elementor-heading-title elementor-size-default\">PROPUESTA EDUCATIVA<\/h2>\t\t\t\t<\/div>\n\t\t\t\t<\/div>\n\t\t\t\t<div class=\"elementor-element elementor-element-aacc640 elementor-widget elementor-widget-text-editor\" data-id=\"aacc640\" data-element_type=\"widget\" data-widget_type=\"text-editor.default\">\n\t\t\t\t<div class=\"elementor-widget-container\">\n\t\t\t\t\t\t\t\t\t<p>La propuesta educativa de la Escuela Municipal Boyeco se enfoca en una educaci\u00f3n de calidad e intercultural, que valora la identidad cultural mapuche. Incorpora la ense\u00f1anza del mapuzug\u00fan y contextualiza los aprendizajes con la cultura mapuche, promoviendo la inclusi\u00f3n y el respeto por las tradiciones. Su objetivo es desarrollar habilidades cognitivas y sociales, preparando a los estudiantes para continuar en la educaci\u00f3n media y superior.<\/p><p>La escuela promueve valores como la convivencia, el respeto por las creencias y culturas, y el fortalecimiento de la identidad mapuche. Las pr\u00e1cticas pedag\u00f3gicas son inclusivas e interculturales, integrando a la comunidad mapuche en el proceso educativo. Se busca fomentar el di\u00e1logo, el respeto mutuo y la cooperaci\u00f3n, generando un ambiente donde se valora la diversidad y se fortalece el sentido de identidad.<\/p>\t\t\t\t\t\t\t\t<\/div>\n\t\t\t\t<\/div>\n\t\t\t\t<div class=\"elementor-element elementor-element-4071250 elementor-tablet-align-center elementor-icon-list--layout-traditional elementor-list-item-link-full_width elementor-widget elementor-widget-icon-list\" data-id=\"4071250\" data-element_type=\"widget\" data-widget_type=\"icon-list.default\">\n\t\t\t\t<div class=\"elementor-widget-container\">\n\t\t\t\t\t\t\t<ul class=\"elementor-icon-list-items\">\n\t\t\t\t\t\t\t<li class=\"elementor-icon-list-item\">\n\t\t\t\t\t\t\t\t\t\t\t<a href=\"https:\/\/www.boyeco-temuco.cl\/\">\n\n\t\t\t\t\t\t\t\t\t\t\t\t<span class=\"elementor-icon-list-icon\">\n\t\t\t\t\t\t\t<svg aria-hidden=\"true\" class=\"e-font-icon-svg e-fas-laptop-house\" viewBox=\"0 0 640 512\" xmlns=\"http:\/\/www.w3.org\/2000\/svg\"><path d=\"M272,288H208a16,16,0,0,1-16-16V208a16,16,0,0,1,16-16h64a16,16,0,0,1,16,16v37.12C299.11,232.24,315,224,332.8,224H469.74l6.65-7.53A16.51,16.51,0,0,0,480,207a16.31,16.31,0,0,0-4.75-10.61L416,144V48a16,16,0,0,0-16-16H368a16,16,0,0,0-16,16V87.3L263.5,8.92C258,4,247.45,0,240.05,0s-17.93,4-23.47,8.92L4.78,196.42A16.15,16.15,0,0,0,0,207a16.4,16.4,0,0,0,3.55,9.39L22.34,237.7A16.22,16.22,0,0,0,33,242.48,16.51,16.51,0,0,0,42.34,239L64,219.88V384a32,32,0,0,0,32,32H272ZM629.33,448H592V288c0-17.67-12.89-32-28.8-32H332.8c-15.91,0-28.8,14.33-28.8,32V448H266.67A10.67,10.67,0,0,0,256,458.67v10.66A42.82,42.82,0,0,0,298.6,512H597.4A42.82,42.82,0,0,0,640,469.33V458.67A10.67,10.67,0,0,0,629.33,448ZM544,448H352V304H544Z\"><\/path><\/svg>\t\t\t\t\t\t<\/span>\n\t\t\t\t\t\t\t\t\t\t<span class=\"elementor-icon-list-text\">Escuela Boyeco<\/span>\n\t\t\t\t\t\t\t\t\t\t\t<\/a>\n\t\t\t\t\t\t\t\t\t<\/li>\n\t\t\t\t\t\t<\/ul>\n\t\t\t\t\t\t<\/div>\n\t\t\t\t<\/div>\n\t\t\t\t\t<\/div>\n\t\t\t\t<\/div>\n\t\t\t\t<\/div>\n\t\t","protected":false},"excerpt":{"rendered":"<p>Escuela Boyeco La Escuela Municipal Boyeco pertenece al sistema educativo municipal y se enfoca en ofrecer una educaci\u00f3n intercultural que promueve el respeto y la preservaci\u00f3n de la cultura mapuche. Su objetivo principal es proporcionar una educaci\u00f3n integral de calidad, que incorpore la ense\u00f1anza del mapuzug\u00fan y contextualice los aprendizajes con pertinencia cultural y ling\u00fc\u00edstica, fomentando la identidad, los valores y los conocimientos de la cultura mapuche. Adem\u00e1s, la escuela busca fortalecer el v\u00ednculo con la comunidad mapuche, abriendo espacios de encuentro y desarrollo, y promoviendo la inclusi\u00f3n de las tradiciones y creencias de esta comunidad en el proceso educativo. PROPUESTA EDUCATIVA La propuesta educativa de la Escuela Municipal Boyeco se enfoca en una educaci\u00f3n de calidad e intercultural, que valora la identidad cultural mapuche. Incorpora la ense\u00f1anza del mapuzug\u00fan y contextualiza los aprendizajes con la cultura mapuche, promoviendo la inclusi\u00f3n y el respeto por las tradiciones. Su objetivo es desarrollar habilidades cognitivas y sociales, preparando a los estudiantes para continuar en la educaci\u00f3n media y superior. La escuela promueve valores como la convivencia, el respeto por las creencias y culturas, y el fortalecimiento de la identidad mapuche. Las pr\u00e1cticas pedag\u00f3gicas son inclusivas e interculturales, integrando a la comunidad mapuche en el proceso educativo. Se busca fomentar el di\u00e1logo, el respeto mutuo y la cooperaci\u00f3n, generando un ambiente donde se valora la diversidad y se fortalece el sentido de identidad. Escuela Boyeco<\/p>\n","protected":false},"author":2,"featured_media":0,"parent":0,"menu_order":0,"comment_status":"closed","ping_status":"closed","template":"","meta":{"footnotes":""},"class_list":["post-1209","page","type-page","status-publish","hentry"],"_links":{"self":[{"href":"https:\/\/www.cec.uchile.cl\/~die.kimeltuweloftech\/wp-json\/wp\/v2\/pages\/1209","targetHints":{"allow":["GET"]}}],"collection":[{"href":"https:\/\/www.cec.uchile.cl\/~die.kimeltuweloftech\/wp-json\/wp\/v2\/pages"}],"about":[{"href":"https:\/\/www.cec.uchile.cl\/~die.kimeltuweloftech\/wp-json\/wp\/v2\/types\/page"}],"author":[{"embeddable":true,"href":"https:\/\/www.cec.uchile.cl\/~die.kimeltuweloftech\/wp-json\/wp\/v2\/users\/2"}],"replies":[{"embeddable":true,"href":"https:\/\/www.cec.uchile.cl\/~die.kimeltuweloftech\/wp-json\/wp\/v2\/comments?post=1209"}],"version-history":[{"count":19,"href":"https:\/\/www.cec.uchile.cl\/~die.kimeltuweloftech\/wp-json\/wp\/v2\/pages\/1209\/revisions"}],"predecessor-version":[{"id":2607,"href":"https:\/\/www.cec.uchile.cl\/~die.kimeltuweloftech\/wp-json\/wp\/v2\/pages\/1209\/revisions\/2607"}],"wp:attachment":[{"href":"https:\/\/www.cec.uchile.cl\/~die.kimeltuweloftech\/wp-json\/wp\/v2\/media?parent=1209"}],"curies":[{"name":"wp","href":"https:\/\/api.w.org\/{rel}","templated":true}]}}